{"id":285263,"date":"2025-10-16T12:14:32","date_gmt":"2025-10-16T10:14:32","guid":{"rendered":"https:\/\/megacase.com\/?post_type=product&#038;p=285263"},"modified":"2026-03-25T14:37:50","modified_gmt":"2026-03-25T13:37:50","slug":"controllercase-etc-eos-programming-wing-fader-wing","status":"publish","type":"product","link":"https:\/\/megacase.com\/de\/produkt\/controllercase-etc-eos-programming-wing-fader-wing\/","title":{"rendered":"Controllercase ETC EOS Programming Wing + Fader Wing"},"content":{"rendered":"<p>Winkel Controllercase f\u00fcr einen ETC EOS Programming Wing<br \/>\nund einen Universal Fader Wing 20.<br \/>\nMonitorbr\u00fccke f\u00fcr 2 Displays ( Maximale Display Ma\u00dfe \/ z.B. iiyama PROLITE T2252MSC-B2).<br \/>\nLinks steht der ETC EOS Programming Wing<br \/>\nund rechts ein ETC Universal Fader Wing (20 nicht motorisierte Fader)<br \/>\nmit darunterliegender Tastaturschublade in voller Breite <\/p>\n<p>6,8 mm Multiplex schwarz RAL 9004<br \/>\n30&#215;30 mm Aluminiumkante<br \/>\n4 L-Ecke medium<br \/>\n6 Butterfly mittel<br \/>\n3 Klappgriff medium<br \/>\n4 Kugelecke mittel<br \/>\n4 Kugelecke mittel L-Ecke<br \/>\n2 Rutschleisten<br \/>\nSchaumstoffpolsterung<\/p>\n<p>hergestellt in Deutschland<br \/>\nAu\u00dfenma\u00dfe ca. BxTxH 1130x765x386mm<br \/>\nGewicht ca. 42 Kg<\/p>\n","protected":false},"excerpt":{"rendered":"<p>Winkel Controllercase f\u00fcr einen ETC EOS Programming Wing und einen Universal Fader Wing 20. Monitorbr\u00fccke f\u00fcr 2 Displays ( Maximale<\/p>\n","protected":false},"featured_media":285264,"template":"","meta":{"_acf_changed":false},"product_brand":[],"product_cat":[13627],"product_tag":[],"class_list":{"0":"post-285263","1":"product","2":"type-product","3":"status-publish","4":"has-post-thumbnail","6":"product_cat-lichtcases","8":"first","9":"instock","10":"taxable","11":"shipping-taxable","12":"purchasable","13":"product-type-simple"},"acf":[],"_links":{"self":[{"href":"https:\/\/megacase.com\/de\/wp-json\/wp\/v2\/product\/285263","targetHints":{"allow":["GET"]}}],"collection":[{"href":"https:\/\/megacase.com\/de\/wp-json\/wp\/v2\/product"}],"about":[{"href":"https:\/\/megacase.com\/de\/wp-json\/wp\/v2\/types\/product"}],"wp:featuredmedia":[{"embeddable":true,"href":"https:\/\/megacase.com\/de\/wp-json\/wp\/v2\/media\/285264"}],"wp:attachment":[{"href":"https:\/\/megacase.com\/de\/wp-json\/wp\/v2\/media?parent=285263"}],"wp:term":[{"taxonomy":"product_brand","embeddable":true,"href":"https:\/\/megacase.com\/de\/wp-json\/wp\/v2\/product_brand?post=285263"},{"taxonomy":"product_cat","embeddable":true,"href":"https:\/\/megacase.com\/de\/wp-json\/wp\/v2\/product_cat?post=285263"},{"taxonomy":"product_tag","embeddable":true,"href":"https:\/\/megacase.com\/de\/wp-json\/wp\/v2\/product_tag?post=285263"}],"curies":[{"name":"wp","href":"https:\/\/api.w.org\/{rel}","templated":true}]}}