{"id":285223,"date":"2025-10-16T12:03:39","date_gmt":"2025-10-16T10:03:39","guid":{"rendered":"https:\/\/megacase.com\/?post_type=product&#038;p=285223"},"modified":"2026-03-25T14:37:51","modified_gmt":"2026-03-25T13:37:51","slug":"truhencase-dell-u4919dw-curved-monitor-49","status":"publish","type":"product","link":"https:\/\/megacase.com\/de\/produkt\/truhencase-dell-u4919dw-curved-monitor-49\/","title":{"rendered":"Truhencase DELL U4919DW Curved Monitor 49&#8243;"},"content":{"rendered":"<p>Live Truhencase f\u00fcr DELL U4919DW Curved Monitor 49&#8243;<br \/>\nmit passgenauer Schaumstoffpolsterung und 2 Zubeh\u00f6rf\u00e4chern.<\/p>\n<p>6,8 mm Multiplex Phenol braun<br \/>\n30\/30 mm Alukante<br \/>\n4 L-Ecke medium<br \/>\n2 Klappgriff medium<br \/>\n2 Butterfly mittel<br \/>\n2 Feststellscharnier gro\u00df<br \/>\n4 Kugelecke mittel<br \/>\n4 Kugelecke mittel L-Ecke<br \/>\n4 100mm Lenkrolle, davon 2 gebremst<br \/>\nSchaumstoffpolsterung<\/p>\n<p>Hinweis: abgebildete Ger\u00e4te dienen nur der Veranschaulichung und sind KEIN Bestandteil des Angebotes.<\/p>\n<p>hergestellt in Deutschland<br \/>\nAu\u00dfenma\u00dfe ca. BxTxH 1287x347x630mm<br \/>\nGewicht ca. 25Kg<\/p>\n","protected":false},"excerpt":{"rendered":"<p>Live Truhencase f\u00fcr DELL U4919DW Curved Monitor 49&#8243; mit passgenauer Schaumstoffpolsterung und 2 Zubeh\u00f6rf\u00e4chern. 6,8 mm Multiplex Phenol braun 30\/30<\/p>\n","protected":false},"featured_media":285224,"template":"","meta":{"_acf_changed":false},"product_brand":[],"product_cat":[13612],"product_tag":[],"class_list":{"0":"post-285223","1":"product","2":"type-product","3":"status-publish","4":"has-post-thumbnail","6":"product_cat-display-monitor","8":"first","9":"instock","10":"taxable","11":"shipping-taxable","12":"purchasable","13":"product-type-simple"},"acf":[],"_links":{"self":[{"href":"https:\/\/megacase.com\/de\/wp-json\/wp\/v2\/product\/285223","targetHints":{"allow":["GET"]}}],"collection":[{"href":"https:\/\/megacase.com\/de\/wp-json\/wp\/v2\/product"}],"about":[{"href":"https:\/\/megacase.com\/de\/wp-json\/wp\/v2\/types\/product"}],"wp:featuredmedia":[{"embeddable":true,"href":"https:\/\/megacase.com\/de\/wp-json\/wp\/v2\/media\/285224"}],"wp:attachment":[{"href":"https:\/\/megacase.com\/de\/wp-json\/wp\/v2\/media?parent=285223"}],"wp:term":[{"taxonomy":"product_brand","embeddable":true,"href":"https:\/\/megacase.com\/de\/wp-json\/wp\/v2\/product_brand?post=285223"},{"taxonomy":"product_cat","embeddable":true,"href":"https:\/\/megacase.com\/de\/wp-json\/wp\/v2\/product_cat?post=285223"},{"taxonomy":"product_tag","embeddable":true,"href":"https:\/\/megacase.com\/de\/wp-json\/wp\/v2\/product_tag?post=285223"}],"curies":[{"name":"wp","href":"https:\/\/api.w.org\/{rel}","templated":true}]}}