{"id":284902,"date":"2025-10-08T10:32:16","date_gmt":"2025-10-08T08:32:16","guid":{"rendered":"https:\/\/megacase.com\/?post_type=product&#038;p=284902"},"modified":"2026-03-25T14:37:52","modified_gmt":"2026-03-25T13:37:52","slug":"truhencase-2x-varytec-hero-wash-1940-ip-outdoor-wash-moving-head","status":"publish","type":"product","link":"https:\/\/megacase.com\/de\/produkt\/truhencase-2x-varytec-hero-wash-1940-ip-outdoor-wash-moving-head\/","title":{"rendered":"Truhencase 2x Varytec Hero Wash 1940 IP Outdoor Wash Moving Head"},"content":{"rendered":"<p>Live Truhencase auf Lenkrollen passend f\u00fcr<br \/>\n2x Varytec Hero Wash 1940 IP Outdoor Wash Moving Head.<br \/>\nIm Deckel verbaute Einbauschalen f\u00fcr Radmulden.<br \/>\nR\u00fcckseitig befindet sich ein ca. 9 cm Zubeh\u00f6rfach \u00fcber die gesamte L\u00e4nge.<\/p>\n<p>6,8 mm Multiplex Phenol braun<br \/>\n30&#215;30 mm Alukante<br \/>\n4 L-Ecke medium<br \/>\n4 Klappgriff medium<br \/>\n2 Butterfly mittel<br \/>\n2 Feststellscharnier gro\u00df<br \/>\n4 Einbauschale Radmulde<br \/>\n4 Kugelecke mittel<br \/>\n4 Kugelecke mittel L-Ecke<br \/>\n4 Lenkrollen 100 mm, davon 2 gebremst<br \/>\nSchaumstoffpolsterung<\/p>\n<p>** Hinweis: abgebildete Ger\u00e4te dienen nur der Veranschaulichung und sind KEIN Bestandteil des Angebotes.<\/p>\n<p>hergestellt in Deutschland<br \/>\nAu\u00dfenma\u00dfe BxTxH 600 x 600 x 770 mm<br \/>\nGewicht: 25,6 kg <\/p>\n","protected":false},"excerpt":{"rendered":"<p>Live Truhencase auf Lenkrollen passend f\u00fcr 2x Varytec Hero Wash 1940 IP Outdoor Wash Moving Head. Im Deckel verbaute Einbauschalen<\/p>\n","protected":false},"featured_media":284903,"template":"","meta":{"_acf_changed":false},"product_brand":[],"product_cat":[13627],"product_tag":[],"class_list":{"0":"post-284902","1":"product","2":"type-product","3":"status-publish","4":"has-post-thumbnail","6":"product_cat-lichtcases","8":"first","9":"instock","10":"taxable","11":"shipping-taxable","12":"purchasable","13":"product-type-simple"},"acf":[],"_links":{"self":[{"href":"https:\/\/megacase.com\/de\/wp-json\/wp\/v2\/product\/284902","targetHints":{"allow":["GET"]}}],"collection":[{"href":"https:\/\/megacase.com\/de\/wp-json\/wp\/v2\/product"}],"about":[{"href":"https:\/\/megacase.com\/de\/wp-json\/wp\/v2\/types\/product"}],"wp:featuredmedia":[{"embeddable":true,"href":"https:\/\/megacase.com\/de\/wp-json\/wp\/v2\/media\/284903"}],"wp:attachment":[{"href":"https:\/\/megacase.com\/de\/wp-json\/wp\/v2\/media?parent=284902"}],"wp:term":[{"taxonomy":"product_brand","embeddable":true,"href":"https:\/\/megacase.com\/de\/wp-json\/wp\/v2\/product_brand?post=284902"},{"taxonomy":"product_cat","embeddable":true,"href":"https:\/\/megacase.com\/de\/wp-json\/wp\/v2\/product_cat?post=284902"},{"taxonomy":"product_tag","embeddable":true,"href":"https:\/\/megacase.com\/de\/wp-json\/wp\/v2\/product_tag?post=284902"}],"curies":[{"name":"wp","href":"https:\/\/api.w.org\/{rel}","templated":true}]}}