{"id":284736,"date":"2025-10-08T09:49:41","date_gmt":"2025-10-08T07:49:41","guid":{"rendered":"https:\/\/megacase.com\/?post_type=product&#038;p=284736"},"modified":"2026-03-25T14:37:53","modified_gmt":"2026-03-25T13:37:53","slug":"live-roadcase-allenheath-qu-5-5d","status":"publish","type":"product","link":"https:\/\/megacase.com\/de\/produkt\/live-roadcase-allenheath-qu-5-5d\/","title":{"rendered":"Live Roadcase Allen&amp;Heath QU-5 \/ 5D"},"content":{"rendered":"<p>Live Roadcase f\u00fcr ein Allen&amp;Heath QU-5 \/ QU-5D.<br \/>\nAbschlie\u00dfbares, 15cm tiefes Dockhouse mit seitlichen Kabelausl\u00e4ssen.<br \/>\nAusschnitt f\u00fcr Pultleuchte Allen&amp;Heath LEDLamp X (nicht passend f\u00fcr SX).<\/p>\n<p>6,8 mm Multiplex farbig beschichtet<br \/>\n&#8211; Farbe aus unserer Farbkarte frei w\u00e4hlbar<br \/>\n30\/30 mm Alukante<br \/>\n4 L-Ecke medium<br \/>\n4 Butterfly mittel<br \/>\n4 Klappgriff medium<br \/>\n4 Kugelecke mittel<br \/>\n4 Kugelecke mittel L-Ecke<br \/>\n4 Gummif\u00fc\u00dfe<br \/>\nSchaumstoffpolsterung<\/p>\n<p>hergestellt in Deutschland<br \/>\nAu\u00dfenma\u00dfe BxTxH 530 x 710 x 295 mm<br \/>\nGewicht: 16,6 kg<\/p>\n","protected":false},"excerpt":{"rendered":"<p>Live Roadcase f\u00fcr ein Allen&amp;Heath QU-5 \/ QU-5D. Abschlie\u00dfbares, 15cm tiefes Dockhouse mit seitlichen Kabelausl\u00e4ssen. Ausschnitt f\u00fcr Pultleuchte Allen&amp;Heath LEDLamp<\/p>\n","protected":false},"featured_media":284745,"template":"","meta":{"_acf_changed":false},"product_brand":[],"product_cat":[13495],"product_tag":[15394],"class_list":{"0":"post-284736","1":"product","2":"type-product","3":"status-publish","4":"has-post-thumbnail","6":"product_cat-mischpult-cases","7":"product_tag-allen-heath-2","9":"first","10":"instock","11":"taxable","12":"shipping-taxable","13":"purchasable","14":"product-type-simple"},"acf":[],"_links":{"self":[{"href":"https:\/\/megacase.com\/de\/wp-json\/wp\/v2\/product\/284736","targetHints":{"allow":["GET"]}}],"collection":[{"href":"https:\/\/megacase.com\/de\/wp-json\/wp\/v2\/product"}],"about":[{"href":"https:\/\/megacase.com\/de\/wp-json\/wp\/v2\/types\/product"}],"wp:featuredmedia":[{"embeddable":true,"href":"https:\/\/megacase.com\/de\/wp-json\/wp\/v2\/media\/284745"}],"wp:attachment":[{"href":"https:\/\/megacase.com\/de\/wp-json\/wp\/v2\/media?parent=284736"}],"wp:term":[{"taxonomy":"product_brand","embeddable":true,"href":"https:\/\/megacase.com\/de\/wp-json\/wp\/v2\/product_brand?post=284736"},{"taxonomy":"product_cat","embeddable":true,"href":"https:\/\/megacase.com\/de\/wp-json\/wp\/v2\/product_cat?post=284736"},{"taxonomy":"product_tag","embeddable":true,"href":"https:\/\/megacase.com\/de\/wp-json\/wp\/v2\/product_tag?post=284736"}],"curies":[{"name":"wp","href":"https:\/\/api.w.org\/{rel}","templated":true}]}}