{"id":284166,"date":"2025-09-22T12:35:31","date_gmt":"2025-09-22T10:35:31","guid":{"rendered":"https:\/\/megacase.com\/?post_type=product&#038;p=284166"},"modified":"2026-03-25T15:44:49","modified_gmt":"2026-03-25T14:44:49","slug":"truhencase-varytec-hero-wash-760-ip-outdoor-moving-head-4in1","status":"publish","type":"product","link":"https:\/\/megacase.com\/de\/produkt\/truhencase-varytec-hero-wash-760-ip-outdoor-moving-head-4in1\/","title":{"rendered":"Truhencase Varytec Hero Wash 760 IP Outdoor Moving Head 4in1"},"content":{"rendered":"<p>Live Truhencase auf 100 mm Lenkrollen passend f\u00fcr<br \/>\n4x Varytec Hero Wash 760 IP Outdoor Moving Head.<br \/>\nIm Deckel befinden sich Einbauschalen f\u00fcr Radmulden und<br \/>\nr\u00fcckseitig ein ca. 13 cm Zubeh\u00f6rfach \u00fcber die gesamte Breite.<\/p>\n<p>6,8 mm Multiplex Phenol braun<br \/>\n30&#215;30 mm Aluminiumkante<br \/>\n4 L-Ecke medium<br \/>\n2 Butterfly mittel<br \/>\n2 Feststellscharnier gro\u00df<br \/>\n8 Klappgriff medium<br \/>\n4 Einbauschale Radmulde im Deckel<br \/>\n4 Kugelecke mittel<br \/>\n4 Kugelecke mittel L-Ecke<br \/>\n4 Lenkrollen 100 mm, davon 2 gebremst<br \/>\nSchaumstoffpolsterung<\/p>\n<p>hergestellt in Deutschland<br \/>\nAu\u00dfenma\u00dfe BxTxH 1084 x 600 x 720 mm<br \/>\nGewicht: 34,7 kg <\/p>\n","protected":false},"excerpt":{"rendered":"<p>Live Truhencase auf 100 mm Lenkrollen passend f\u00fcr 4x Varytec Hero Wash 760 IP Outdoor Moving Head. Im Deckel befinden<\/p>\n","protected":false},"featured_media":284167,"template":"","meta":{"_acf_changed":false},"product_brand":[],"product_cat":[13627],"product_tag":[],"class_list":{"0":"post-284166","1":"product","2":"type-product","3":"status-publish","4":"has-post-thumbnail","6":"product_cat-lichtcases","8":"first","9":"instock","10":"taxable","11":"shipping-taxable","12":"purchasable","13":"product-type-simple"},"acf":[],"_links":{"self":[{"href":"https:\/\/megacase.com\/de\/wp-json\/wp\/v2\/product\/284166","targetHints":{"allow":["GET"]}}],"collection":[{"href":"https:\/\/megacase.com\/de\/wp-json\/wp\/v2\/product"}],"about":[{"href":"https:\/\/megacase.com\/de\/wp-json\/wp\/v2\/types\/product"}],"wp:featuredmedia":[{"embeddable":true,"href":"https:\/\/megacase.com\/de\/wp-json\/wp\/v2\/media\/284167"}],"wp:attachment":[{"href":"https:\/\/megacase.com\/de\/wp-json\/wp\/v2\/media?parent=284166"}],"wp:term":[{"taxonomy":"product_brand","embeddable":true,"href":"https:\/\/megacase.com\/de\/wp-json\/wp\/v2\/product_brand?post=284166"},{"taxonomy":"product_cat","embeddable":true,"href":"https:\/\/megacase.com\/de\/wp-json\/wp\/v2\/product_cat?post=284166"},{"taxonomy":"product_tag","embeddable":true,"href":"https:\/\/megacase.com\/de\/wp-json\/wp\/v2\/product_tag?post=284166"}],"curies":[{"name":"wp","href":"https:\/\/api.w.org\/{rel}","templated":true}]}}