{"id":284050,"date":"2025-09-22T10:45:51","date_gmt":"2025-09-22T08:45:51","guid":{"rendered":"https:\/\/megacase.com\/?post_type=product&#038;p=284050"},"modified":"2026-03-25T15:44:49","modified_gmt":"2026-03-25T14:44:49","slug":"truhencase-varytec-hero-pixel-wash-760fx-wash-moving-head-2in1","status":"publish","type":"product","link":"https:\/\/megacase.com\/de\/produkt\/truhencase-varytec-hero-pixel-wash-760fx-wash-moving-head-2in1\/","title":{"rendered":"Truhencase Varytec Hero Pixel Wash 760FX Moving Head 2in1"},"content":{"rendered":"<p>Live Truhencase auf 100 mm Lenkrollen passend f\u00fcr<br \/>\n2x Varytec Hero Pixel Wash 760FX Wash Moving Head (TH557587).<br \/>\nIm Deckel befinden sich Einbauschalen f\u00fcr Radmulden und<br \/>\nr\u00fcckseitig ein ca. 18 cm Zubeh\u00f6rfach \u00fcber die gesamte Breite.<\/p>\n<p>6,8 mm Multiplex Phenol braun<br \/>\n30&#215;30 mm Aluminiumkante<br \/>\n4 L-Ecke medium<br \/>\n2 Butterfly mittel<br \/>\n2 Feststellscharnier gro\u00df<br \/>\n4 Klappgriff medium<br \/>\n4 Einbauschale Radmulde im Deckel<br \/>\n4 Kugelecke mittel<br \/>\n4 Kugelecke mittel L-Ecke<br \/>\n4 100mm Lenkrolle, davon 2 gebremst<br \/>\nSchaumstoffpolsterung<\/p>\n<p>hergestellt in Deutschland<br \/>\nAbmessungen au\u00dfen (B x H x T): 600 x 598 x 690 mm<br \/>\nGewicht: 24,7 kg<\/p>\n","protected":false},"excerpt":{"rendered":"<p>Live Truhencase auf 100 mm Lenkrollen passend f\u00fcr 2x Varytec Hero Pixel Wash 760FX Wash Moving Head (TH557587). Im Deckel<\/p>\n","protected":false},"featured_media":284051,"template":"","meta":{"_acf_changed":false},"product_brand":[],"product_cat":[13627],"product_tag":[],"class_list":{"0":"post-284050","1":"product","2":"type-product","3":"status-publish","4":"has-post-thumbnail","6":"product_cat-lichtcases","8":"first","9":"instock","10":"taxable","11":"shipping-taxable","12":"purchasable","13":"product-type-simple"},"acf":[],"_links":{"self":[{"href":"https:\/\/megacase.com\/de\/wp-json\/wp\/v2\/product\/284050","targetHints":{"allow":["GET"]}}],"collection":[{"href":"https:\/\/megacase.com\/de\/wp-json\/wp\/v2\/product"}],"about":[{"href":"https:\/\/megacase.com\/de\/wp-json\/wp\/v2\/types\/product"}],"wp:featuredmedia":[{"embeddable":true,"href":"https:\/\/megacase.com\/de\/wp-json\/wp\/v2\/media\/284051"}],"wp:attachment":[{"href":"https:\/\/megacase.com\/de\/wp-json\/wp\/v2\/media?parent=284050"}],"wp:term":[{"taxonomy":"product_brand","embeddable":true,"href":"https:\/\/megacase.com\/de\/wp-json\/wp\/v2\/product_brand?post=284050"},{"taxonomy":"product_cat","embeddable":true,"href":"https:\/\/megacase.com\/de\/wp-json\/wp\/v2\/product_cat?post=284050"},{"taxonomy":"product_tag","embeddable":true,"href":"https:\/\/megacase.com\/de\/wp-json\/wp\/v2\/product_tag?post=284050"}],"curies":[{"name":"wp","href":"https:\/\/api.w.org\/{rel}","templated":true}]}}