{"id":283958,"date":"2025-09-22T10:26:56","date_gmt":"2025-09-22T08:26:56","guid":{"rendered":"https:\/\/megacase.com\/?post_type=product&#038;p=283958"},"modified":"2026-03-25T15:44:50","modified_gmt":"2026-03-25T14:44:50","slug":"haubencase-chamsys-magicq-compact-wing","status":"publish","type":"product","link":"https:\/\/megacase.com\/de\/produkt\/haubencase-chamsys-magicq-compact-wing\/","title":{"rendered":"Haubencase ChamSys MagicQ Compact Wing"},"content":{"rendered":"<p>Haubencase in schwarz f\u00fcr einen Chamsys MagicQ Compact Wing<br \/>\nmit einem Kabelkanal hinter dem Ger\u00e4t.<br \/>\nDas Ger\u00e4t ist im Unterteil bedienbar.<\/p>\n<p>6,8 mm Multiplex schwarz RAL 9004<br \/>\n25\/25 mm Aluminiumkante<br \/>\n4 L-Ecke medium<br \/>\n2 gefederte Butterfly mittel<br \/>\n1 Ledergriff<br \/>\n4 Kugelecke mittel<br \/>\n4 Kugelecke mittel L-Ecke<br \/>\n4 Gummif\u00fc\u00dfe<br \/>\nSchaumstoffpolsterung<\/p>\n<p>** Hinweis: abgebildete Ger\u00e4te dienen nur der Veranschaulichung und sind KEIN Bestandteil des Angebotes.<\/p>\n<p>hergestellt in Deutschland<br \/>\nAu\u00dfenma\u00dfe ca. BxTxH 385 x 517 x 195 mm<br \/>\nGewicht ca. 5,8 Kg<\/p>\n","protected":false},"excerpt":{"rendered":"<p>Haubencase in schwarz f\u00fcr einen Chamsys MagicQ Compact Wing mit einem Kabelkanal hinter dem Ger\u00e4t. Das Ger\u00e4t ist im Unterteil<\/p>\n","protected":false},"featured_media":283962,"template":"","meta":{"_acf_changed":false},"product_brand":[],"product_cat":[13627,16392],"product_tag":[14190],"class_list":{"0":"post-283958","1":"product","2":"type-product","3":"status-publish","4":"has-post-thumbnail","6":"product_cat-lichtcases","7":"product_cat-chamsys","8":"product_tag-chamsys","10":"first","11":"instock","12":"taxable","13":"shipping-taxable","14":"purchasable","15":"product-type-simple"},"acf":[],"_links":{"self":[{"href":"https:\/\/megacase.com\/de\/wp-json\/wp\/v2\/product\/283958","targetHints":{"allow":["GET"]}}],"collection":[{"href":"https:\/\/megacase.com\/de\/wp-json\/wp\/v2\/product"}],"about":[{"href":"https:\/\/megacase.com\/de\/wp-json\/wp\/v2\/types\/product"}],"wp:featuredmedia":[{"embeddable":true,"href":"https:\/\/megacase.com\/de\/wp-json\/wp\/v2\/media\/283962"}],"wp:attachment":[{"href":"https:\/\/megacase.com\/de\/wp-json\/wp\/v2\/media?parent=283958"}],"wp:term":[{"taxonomy":"product_brand","embeddable":true,"href":"https:\/\/megacase.com\/de\/wp-json\/wp\/v2\/product_brand?post=283958"},{"taxonomy":"product_cat","embeddable":true,"href":"https:\/\/megacase.com\/de\/wp-json\/wp\/v2\/product_cat?post=283958"},{"taxonomy":"product_tag","embeddable":true,"href":"https:\/\/megacase.com\/de\/wp-json\/wp\/v2\/product_tag?post=283958"}],"curies":[{"name":"wp","href":"https:\/\/api.w.org\/{rel}","templated":true}]}}