{"id":283599,"date":"2025-09-18T08:27:55","date_gmt":"2025-09-18T06:27:55","guid":{"rendered":"https:\/\/megacase.com\/?post_type=product&#038;p=283599"},"modified":"2026-03-25T15:44:51","modified_gmt":"2026-03-25T14:44:51","slug":"amp-case-soldano-astro-20-head","status":"publish","type":"product","link":"https:\/\/megacase.com\/de\/produkt\/amp-case-soldano-astro-20-head\/","title":{"rendered":"Amp Case Soldano Astro-20 Head"},"content":{"rendered":"<p>Amp Hauben-Case f\u00fcr einen Soldano Astro-20 Head<br \/>\nR\u00f6hrenverst\u00e4rker Top Teil<\/p>\n<p>6,8 mm Multiplex Phenol braun<br \/>\n30\/30 mm Alukante<br \/>\n4 L-Ecke medium<br \/>\n2 Butterfly mittel gefedert<br \/>\n2 Klappgriff medium<br \/>\n4 Kugelecke mittel<br \/>\n4 Kugelecke mittel L-Ecke<br \/>\nSchaumstoffpolsterung<\/p>\n<p>hergestellt in Deutschland<br \/>\nAu\u00dfenma\u00dfe BxTxH 555 x 310 x 300 mm<br \/>\nGewicht: 6,9 kg<\/p>\n","protected":false},"excerpt":{"rendered":"<p>Amp Hauben-Case f\u00fcr einen Soldano Astro-20 Head R\u00f6hrenverst\u00e4rker Top Teil 6,8 mm Multiplex Phenol braun 30\/30 mm Alukante 4 L-Ecke<\/p>\n","protected":false},"featured_media":283604,"template":"","meta":{"_acf_changed":false},"product_brand":[],"product_cat":[13499],"product_tag":[],"class_list":{"0":"post-283599","1":"product","2":"type-product","3":"status-publish","4":"has-post-thumbnail","6":"product_cat-amp-cases","8":"first","9":"instock","10":"taxable","11":"shipping-taxable","12":"purchasable","13":"product-type-simple"},"acf":[],"_links":{"self":[{"href":"https:\/\/megacase.com\/de\/wp-json\/wp\/v2\/product\/283599","targetHints":{"allow":["GET"]}}],"collection":[{"href":"https:\/\/megacase.com\/de\/wp-json\/wp\/v2\/product"}],"about":[{"href":"https:\/\/megacase.com\/de\/wp-json\/wp\/v2\/types\/product"}],"wp:featuredmedia":[{"embeddable":true,"href":"https:\/\/megacase.com\/de\/wp-json\/wp\/v2\/media\/283604"}],"wp:attachment":[{"href":"https:\/\/megacase.com\/de\/wp-json\/wp\/v2\/media?parent=283599"}],"wp:term":[{"taxonomy":"product_brand","embeddable":true,"href":"https:\/\/megacase.com\/de\/wp-json\/wp\/v2\/product_brand?post=283599"},{"taxonomy":"product_cat","embeddable":true,"href":"https:\/\/megacase.com\/de\/wp-json\/wp\/v2\/product_cat?post=283599"},{"taxonomy":"product_tag","embeddable":true,"href":"https:\/\/megacase.com\/de\/wp-json\/wp\/v2\/product_tag?post=283599"}],"curies":[{"name":"wp","href":"https:\/\/api.w.org\/{rel}","templated":true}]}}