{"id":282287,"date":"2025-08-19T12:57:01","date_gmt":"2025-08-19T10:57:01","guid":{"rendered":"https:\/\/megacase.com\/?post_type=product&#038;p=282287"},"modified":"2026-03-25T15:44:54","modified_gmt":"2026-03-25T14:44:54","slug":"haubencase-avolites-quartz-moving-lights","status":"publish","type":"product","link":"https:\/\/megacase.com\/de\/produkt\/haubencase-avolites-quartz-moving-lights\/","title":{"rendered":"Haubencase Avolites Quartz Moving Lights"},"content":{"rendered":"<p>Haubencase aus Polyboard-Kunststoff schwarz f\u00fcr ein<br \/>\nAvolites Quartz Moving Lights Lichtsteuerpult.<br \/>\nDer 10 cm Kabekanal hinter dem Ger\u00e4t erm\u00f6glicht<br \/>\neine Bedienung des Ger\u00e4tes im Case-Unterteil.<\/p>\n<p>6,5 mm Polyboard schwarz<br \/>\n30\/30 mm Alukante<br \/>\n4 L-Ecke medium<br \/>\n4 Butterfly mittel<br \/>\n3 Klappgriff medium<br \/>\n4 Kugelecke mittel<br \/>\n4 Kugelecke mittel L-Ecke<br \/>\n4 Gummif\u00fc\u00dfe<br \/>\nSchaumstoffpolsterung<\/p>\n<p>hergestellt in Deutschland<br \/>\nAu\u00dfenma\u00dfe BxTxH 490x575x320 mm<br \/>\nGewicht: 10 kg<\/p>\n","protected":false},"excerpt":{"rendered":"<p>Haubencase aus Polyboard-Kunststoff schwarz f\u00fcr ein Avolites Quartz Moving Lights Lichtsteuerpult. Der 10 cm Kabekanal hinter dem Ger\u00e4t erm\u00f6glicht eine<\/p>\n","protected":false},"featured_media":282303,"template":"","meta":{"_acf_changed":false},"product_brand":[],"product_cat":[13626,13627],"product_tag":[],"class_list":{"0":"post-282287","1":"product","2":"type-product","3":"status-publish","4":"has-post-thumbnail","6":"product_cat-haubencase","7":"product_cat-lichtcases","9":"first","10":"instock","11":"taxable","12":"shipping-taxable","13":"purchasable","14":"product-type-simple"},"acf":[],"_links":{"self":[{"href":"https:\/\/megacase.com\/de\/wp-json\/wp\/v2\/product\/282287","targetHints":{"allow":["GET"]}}],"collection":[{"href":"https:\/\/megacase.com\/de\/wp-json\/wp\/v2\/product"}],"about":[{"href":"https:\/\/megacase.com\/de\/wp-json\/wp\/v2\/types\/product"}],"wp:featuredmedia":[{"embeddable":true,"href":"https:\/\/megacase.com\/de\/wp-json\/wp\/v2\/media\/282303"}],"wp:attachment":[{"href":"https:\/\/megacase.com\/de\/wp-json\/wp\/v2\/media?parent=282287"}],"wp:term":[{"taxonomy":"product_brand","embeddable":true,"href":"https:\/\/megacase.com\/de\/wp-json\/wp\/v2\/product_brand?post=282287"},{"taxonomy":"product_cat","embeddable":true,"href":"https:\/\/megacase.com\/de\/wp-json\/wp\/v2\/product_cat?post=282287"},{"taxonomy":"product_tag","embeddable":true,"href":"https:\/\/megacase.com\/de\/wp-json\/wp\/v2\/product_tag?post=282287"}],"curies":[{"name":"wp","href":"https:\/\/api.w.org\/{rel}","templated":true}]}}