{"id":282139,"date":"2025-08-19T12:27:06","date_gmt":"2025-08-19T10:27:06","guid":{"rendered":"https:\/\/megacase.com\/?post_type=product&#038;p=282139"},"modified":"2026-03-25T16:41:29","modified_gmt":"2026-03-25T15:41:29","slug":"mixercase-allen-heath-sq-7-mit-dockhouse","status":"publish","type":"product","link":"https:\/\/megacase.com\/de\/produkt\/mixercase-allen-heath-sq-7-mit-dockhouse\/","title":{"rendered":"Mixercase Allen &amp; Heath SQ-7 mit Dockhouse"},"content":{"rendered":"<p>Transportcase auf Lenkrollen f\u00fcr ein 48-Kanal Digital-Mischpult von Allen &amp; Heath SQ-7.<br \/>\nDas SQ-7 sitzt sicher in den Schaumstofflagen mit den Einfr\u00e4sungen f\u00fcr die Standf\u00fc\u00dfe.<br \/>\nDie Anschl\u00fcsse werden von einem verschlie\u00dfbaren Dockhouse im R\u00fcckraum gesichert.<\/p>\n<p>6,8 mm Multiplex schwarz RAL 9004<br \/>\n30&#215;30 mm Alukante<br \/>\n4 L-Ecke medium<br \/>\n4 Butterfly mittel<br \/>\n6 Klappgriff medium<br \/>\n8 Stahlkugelecke mittel<br \/>\n4 Lenkrollen 100 mm, davon gebremst<br \/>\nabschlie\u00dfbares Dockhouse mit Hebelverschl\u00fcssen<br \/>\n1 Shockwatch-Aufkleber<br \/>\nSchaumstoffpolsterung<\/p>\n<p>hergestellt in Deutschland<br \/>\nAu\u00dfenma\u00dfe: BxTxH 900x857x347 mm stehend<br \/>\nGewicht: 29,5 kg<\/p>\n","protected":false},"excerpt":{"rendered":"<p>Transportcase auf Lenkrollen f\u00fcr ein 48-Kanal Digital-Mischpult von Allen &amp; Heath SQ-7. Das SQ-7 sitzt sicher in den Schaumstofflagen mit<\/p>\n","protected":false},"featured_media":282167,"template":"","meta":{"_acf_changed":false},"product_brand":[],"product_cat":[13491,13495,15904],"product_tag":[15394],"class_list":{"0":"post-282139","1":"product","2":"type-product","3":"status-publish","4":"has-post-thumbnail","6":"product_cat-allen-heath","7":"product_cat-mischpult-cases","8":"product_cat-case-fuer-pa-equipment","9":"product_tag-allen-heath-2","11":"first","12":"instock","13":"taxable","14":"shipping-taxable","15":"purchasable","16":"product-type-simple"},"acf":[],"_links":{"self":[{"href":"https:\/\/megacase.com\/de\/wp-json\/wp\/v2\/product\/282139","targetHints":{"allow":["GET"]}}],"collection":[{"href":"https:\/\/megacase.com\/de\/wp-json\/wp\/v2\/product"}],"about":[{"href":"https:\/\/megacase.com\/de\/wp-json\/wp\/v2\/types\/product"}],"wp:featuredmedia":[{"embeddable":true,"href":"https:\/\/megacase.com\/de\/wp-json\/wp\/v2\/media\/282167"}],"wp:attachment":[{"href":"https:\/\/megacase.com\/de\/wp-json\/wp\/v2\/media?parent=282139"}],"wp:term":[{"taxonomy":"product_brand","embeddable":true,"href":"https:\/\/megacase.com\/de\/wp-json\/wp\/v2\/product_brand?post=282139"},{"taxonomy":"product_cat","embeddable":true,"href":"https:\/\/megacase.com\/de\/wp-json\/wp\/v2\/product_cat?post=282139"},{"taxonomy":"product_tag","embeddable":true,"href":"https:\/\/megacase.com\/de\/wp-json\/wp\/v2\/product_tag?post=282139"}],"curies":[{"name":"wp","href":"https:\/\/api.w.org\/{rel}","templated":true}]}}