{"id":281443,"date":"2025-07-29T11:58:51","date_gmt":"2025-07-29T09:58:51","guid":{"rendered":"https:\/\/megacase.com\/?post_type=product&#038;p=281443"},"modified":"2026-03-25T16:41:31","modified_gmt":"2026-03-25T15:41:31","slug":"garderobencase-mit-led-spiegel-und-schubladen-2","status":"publish","type":"product","link":"https:\/\/megacase.com\/de\/produkt\/garderobencase-mit-led-spiegel-und-schubladen-2\/","title":{"rendered":"Garderobencase mit LED-Spiegel und Schubladen"},"content":{"rendered":"<p>Die vielseitige Heavy Garderobe #Wardrobe ist ideal f\u00fcr unterwegs.<br \/>\nEgal ob Vortrag oder Konzertb\u00fchne, mit diesem funktionalen &#8222;Casem\u00f6bel&#8220; sind Sie bestens ausger\u00fcstet.<br \/>\nSchminkspiegel mit LED Beleuchtung, Schalter und Steckdose, Neutrik Powercon-Buchse,<br \/>\nvier Schubladen mit Softstop, oben 2 Klappf\u00e4cher mit Liftbeschlag,<br \/>\nKleiderstange mit gro\u00dfem Fach und Klappfach unten, L\u00fcftungsschalen u.s.w.<\/p>\n<p>9 mm Multiplex farbig beschichtet<br \/>\n&#8211; Farbe aus unserer Farbkarte frei w\u00e4hlbar<br \/>\n35&#215;35 mm Alukante<br \/>\n3 Butterfly Verschl\u00fcsse gro\u00df<br \/>\n10 Klappgriff gro\u00df<br \/>\n8 Entl\u00fcftungsschalen<br \/>\n1 Schminkspiegel 562&#215;552 mm<br \/>\nLED Beleuchtung<br \/>\n1 Neutrik Buchse NAC3 Powercon<br \/>\n1 Netzkabel Powercon 150cm<br \/>\n8 Lenkrollen 100 mm, davon 4 gebremst<br \/>\n1 Kleiderstange<br \/>\n8 Stahlkugelecken<\/p>\n<p>Hergestellt in Deutschland<br \/>\nAu\u00dfenma\u00dfe BxTxH 1205x625x1946 mm<br \/>\nGewicht: ca. 146 kg<\/p>\n","protected":false},"excerpt":{"rendered":"<p>Die vielseitige Heavy Garderobe #Wardrobe ist ideal f\u00fcr unterwegs. Egal ob Vortrag oder Konzertb\u00fchne, mit diesem funktionalen &#8222;Casem\u00f6bel&#8220; sind Sie<\/p>\n","protected":false},"featured_media":281396,"template":"","meta":{"_acf_changed":false},"product_brand":[],"product_cat":[13564,15014],"product_tag":[14248],"class_list":{"0":"post-281443","1":"product","2":"type-product","3":"status-publish","4":"has-post-thumbnail","6":"product_cat-make-up-artist-case","7":"product_cat-casemoebel","8":"product_tag-schrankcase","10":"first","11":"instock","12":"taxable","13":"shipping-taxable","14":"purchasable","15":"product-type-simple"},"acf":[],"_links":{"self":[{"href":"https:\/\/megacase.com\/de\/wp-json\/wp\/v2\/product\/281443","targetHints":{"allow":["GET"]}}],"collection":[{"href":"https:\/\/megacase.com\/de\/wp-json\/wp\/v2\/product"}],"about":[{"href":"https:\/\/megacase.com\/de\/wp-json\/wp\/v2\/types\/product"}],"wp:featuredmedia":[{"embeddable":true,"href":"https:\/\/megacase.com\/de\/wp-json\/wp\/v2\/media\/281396"}],"wp:attachment":[{"href":"https:\/\/megacase.com\/de\/wp-json\/wp\/v2\/media?parent=281443"}],"wp:term":[{"taxonomy":"product_brand","embeddable":true,"href":"https:\/\/megacase.com\/de\/wp-json\/wp\/v2\/product_brand?post=281443"},{"taxonomy":"product_cat","embeddable":true,"href":"https:\/\/megacase.com\/de\/wp-json\/wp\/v2\/product_cat?post=281443"},{"taxonomy":"product_tag","embeddable":true,"href":"https:\/\/megacase.com\/de\/wp-json\/wp\/v2\/product_tag?post=281443"}],"curies":[{"name":"wp","href":"https:\/\/api.w.org\/{rel}","templated":true}]}}