{"id":281120,"date":"2025-07-21T10:27:18","date_gmt":"2025-07-21T08:27:18","guid":{"rendered":"https:\/\/megacase.com\/?post_type=product&#038;p=281120"},"modified":"2026-03-25T16:41:32","modified_gmt":"2026-03-25T15:41:32","slug":"amp-case-kemper-profiler-head-mk2","status":"publish","type":"product","link":"https:\/\/megacase.com\/de\/produkt\/amp-case-kemper-profiler-head-mk2\/","title":{"rendered":"Amp Case Kemper Profiler Head MK2"},"content":{"rendered":"<p>Amp Case passgenau f\u00fcr einen Kemper Profiler Head MK2<br \/>\nmit Fach f\u00fcr Netzkabel im Unterteil.<br \/>\nDas Ger\u00e4t ist im Unterteil spielbar.<\/p>\n<p>6,8 mm Multiplex Holz braun<br \/>\n25\/25 mm Alukante<br \/>\n4 L-Ecke medium<br \/>\n2 Butterfly mittel<br \/>\n1 Riemengriff<br \/>\n4 Kugelecke mittel<br \/>\n4 Kugelecke mittel L-Ecke<br \/>\n4 Gummif\u00fc\u00dfe<br \/>\nSchaumstoff<\/p>\n<p>** Hinweis: abgebildete Ger\u00e4te dienen nur der Veranschaulichung und sind KEIN Bestandteil des Angebotes.<\/p>\n<p>hergestellt in Deutschland<br \/>\nAbmessungen BxTxH 480 x 250 x 325 mm<br \/>\nGewicht. 5 kg<\/p>\n","protected":false},"excerpt":{"rendered":"<p>Amp Case passgenau f\u00fcr einen Kemper Profiler Head MK2 mit Fach f\u00fcr Netzkabel im Unterteil. Das Ger\u00e4t ist im Unterteil<\/p>\n","protected":false},"featured_media":281126,"template":"","meta":{"_acf_changed":false},"product_brand":[],"product_cat":[13499,13580],"product_tag":[14161],"class_list":{"0":"post-281120","1":"product","2":"type-product","3":"status-publish","4":"has-post-thumbnail","6":"product_cat-amp-cases","7":"product_cat-combo-cases","8":"product_tag-kemper","10":"first","11":"instock","12":"taxable","13":"shipping-taxable","14":"purchasable","15":"product-type-simple"},"acf":[],"_links":{"self":[{"href":"https:\/\/megacase.com\/de\/wp-json\/wp\/v2\/product\/281120","targetHints":{"allow":["GET"]}}],"collection":[{"href":"https:\/\/megacase.com\/de\/wp-json\/wp\/v2\/product"}],"about":[{"href":"https:\/\/megacase.com\/de\/wp-json\/wp\/v2\/types\/product"}],"wp:featuredmedia":[{"embeddable":true,"href":"https:\/\/megacase.com\/de\/wp-json\/wp\/v2\/media\/281126"}],"wp:attachment":[{"href":"https:\/\/megacase.com\/de\/wp-json\/wp\/v2\/media?parent=281120"}],"wp:term":[{"taxonomy":"product_brand","embeddable":true,"href":"https:\/\/megacase.com\/de\/wp-json\/wp\/v2\/product_brand?post=281120"},{"taxonomy":"product_cat","embeddable":true,"href":"https:\/\/megacase.com\/de\/wp-json\/wp\/v2\/product_cat?post=281120"},{"taxonomy":"product_tag","embeddable":true,"href":"https:\/\/megacase.com\/de\/wp-json\/wp\/v2\/product_tag?post=281120"}],"curies":[{"name":"wp","href":"https:\/\/api.w.org\/{rel}","templated":true}]}}