{"id":280911,"date":"2025-07-17T12:04:26","date_gmt":"2025-07-17T10:04:26","guid":{"rendered":"https:\/\/megacase.com\/?post_type=product&#038;p=280911"},"modified":"2026-03-25T16:41:33","modified_gmt":"2026-03-25T15:41:33","slug":"profi-truhencase-medizingeraet-mit-2-zwischenringen","status":"publish","type":"product","link":"https:\/\/megacase.com\/de\/produkt\/profi-truhencase-medizingeraet-mit-2-zwischenringen\/","title":{"rendered":"Profi Truhencase Medizinger\u00e4t mit 2 Zwischenringen"},"content":{"rendered":"<p>Profi Truhencase f\u00fcr Medizinger\u00e4t mit 2 Zwischenringen mit Boden,<br \/>\nmit den Innenma\u00dfen 850x620x850mm BxTxH. <\/p>\n<p>9 mm Multiplex Phenol braun<br \/>\n30\/30 mm Alukante<br \/>\n20 L-Ecke gro\u00df<br \/>\n4 L-Ecke medium<br \/>\n10 Butterfly mittel<br \/>\n2 Deckelfeststeller mittel Klick-Stop<br \/>\n4 Schanier 6-Loch<br \/>\n8 Klappgriff medium<br \/>\n2 Tourlabelschale<br \/>\n8 Kugelecke gro\u00df<br \/>\n4 Lenkrolle 100mm, davon 2 gebremst<br \/>\nSchaumstoffpolsterung<\/p>\n<p>** Hinweis: abgebildete Ger\u00e4te dienen nur der Veranschaulichung und sind KEIN Bestandteil des Angebotes.<\/p>\n<p>Hergestellt in Deutschland<br \/>\nAu\u00dfenma\u00dfe (BxTxH) ca. 915x688x977 mm<br \/>\nGewicht ca. 64 kg<\/p>\n","protected":false},"excerpt":{"rendered":"<p>Profi Truhencase f\u00fcr Medizinger\u00e4t mit 2 Zwischenringen mit Boden, mit den Innenma\u00dfen 850x620x850mm BxTxH. 9 mm Multiplex Phenol braun 30\/30<\/p>\n","protected":false},"featured_media":280924,"template":"","meta":{"_acf_changed":false},"product_brand":[],"product_cat":[13509,13494],"product_tag":[],"class_list":{"0":"post-280911","1":"product","2":"type-product","3":"status-publish","4":"has-post-thumbnail","6":"product_cat-truhen-cases","7":"product_cat-custom-cases","9":"first","10":"instock","11":"taxable","12":"shipping-taxable","13":"purchasable","14":"product-type-simple"},"acf":[],"_links":{"self":[{"href":"https:\/\/megacase.com\/de\/wp-json\/wp\/v2\/product\/280911","targetHints":{"allow":["GET"]}}],"collection":[{"href":"https:\/\/megacase.com\/de\/wp-json\/wp\/v2\/product"}],"about":[{"href":"https:\/\/megacase.com\/de\/wp-json\/wp\/v2\/types\/product"}],"wp:featuredmedia":[{"embeddable":true,"href":"https:\/\/megacase.com\/de\/wp-json\/wp\/v2\/media\/280924"}],"wp:attachment":[{"href":"https:\/\/megacase.com\/de\/wp-json\/wp\/v2\/media?parent=280911"}],"wp:term":[{"taxonomy":"product_brand","embeddable":true,"href":"https:\/\/megacase.com\/de\/wp-json\/wp\/v2\/product_brand?post=280911"},{"taxonomy":"product_cat","embeddable":true,"href":"https:\/\/megacase.com\/de\/wp-json\/wp\/v2\/product_cat?post=280911"},{"taxonomy":"product_tag","embeddable":true,"href":"https:\/\/megacase.com\/de\/wp-json\/wp\/v2\/product_tag?post=280911"}],"curies":[{"name":"wp","href":"https:\/\/api.w.org\/{rel}","templated":true}]}}