{"id":280695,"date":"2025-07-17T11:14:14","date_gmt":"2025-07-17T09:14:14","guid":{"rendered":"https:\/\/megacase.com\/?post_type=product&#038;p=280695"},"modified":"2026-03-25T16:41:34","modified_gmt":"2026-03-25T15:41:34","slug":"amp-case-synergy-syn-20ir-head","status":"publish","type":"product","link":"https:\/\/megacase.com\/de\/produkt\/amp-case-synergy-syn-20ir-head\/","title":{"rendered":"Amp Case Synergy Syn-20IR Head"},"content":{"rendered":"<p>Amp Case f\u00fcr einen Synergy Syn-20IR Head<br \/>\nDas Ger\u00e4t kann im Unterteil bedient werden,<br \/>\nalle Anschl\u00fcsse sind frei zug\u00e4nglich.<\/p>\n<p>6,8 mm Multiplex Phenol braun<br \/>\n22\/22 mm Alukante<br \/>\n4 L-Ecke medium<br \/>\n2 Butterfly mini<br \/>\n1 Riemengriff<br \/>\n4 Kugelecke klein<br \/>\n4 Kugelecke klein L-Ecke<br \/>\n4 Gummif\u00fc\u00dfe<br \/>\nSchaumstoffpolsterung<\/p>\n<p>hergestellt in Deutschland<br \/>\nAu\u00dfenma\u00dfe: BxTxH 413 X 290 X 286 mm<br \/>\nGewicht: 4,3 kg<\/p>\n","protected":false},"excerpt":{"rendered":"<p>Amp Case f\u00fcr einen Synergy Syn-20IR Head Das Ger\u00e4t kann im Unterteil bedient werden, alle Anschl\u00fcsse sind frei zug\u00e4nglich. 6,8<\/p>\n","protected":false},"featured_media":280588,"template":"","meta":{"_acf_changed":false},"product_brand":[],"product_cat":[13580],"product_tag":[],"class_list":{"0":"post-280695","1":"product","2":"type-product","3":"status-publish","4":"has-post-thumbnail","6":"product_cat-combo-cases","8":"first","9":"instock","10":"taxable","11":"shipping-taxable","12":"purchasable","13":"product-type-simple"},"acf":[],"_links":{"self":[{"href":"https:\/\/megacase.com\/de\/wp-json\/wp\/v2\/product\/280695","targetHints":{"allow":["GET"]}}],"collection":[{"href":"https:\/\/megacase.com\/de\/wp-json\/wp\/v2\/product"}],"about":[{"href":"https:\/\/megacase.com\/de\/wp-json\/wp\/v2\/types\/product"}],"wp:featuredmedia":[{"embeddable":true,"href":"https:\/\/megacase.com\/de\/wp-json\/wp\/v2\/media\/280588"}],"wp:attachment":[{"href":"https:\/\/megacase.com\/de\/wp-json\/wp\/v2\/media?parent=280695"}],"wp:term":[{"taxonomy":"product_brand","embeddable":true,"href":"https:\/\/megacase.com\/de\/wp-json\/wp\/v2\/product_brand?post=280695"},{"taxonomy":"product_cat","embeddable":true,"href":"https:\/\/megacase.com\/de\/wp-json\/wp\/v2\/product_cat?post=280695"},{"taxonomy":"product_tag","embeddable":true,"href":"https:\/\/megacase.com\/de\/wp-json\/wp\/v2\/product_tag?post=280695"}],"curies":[{"name":"wp","href":"https:\/\/api.w.org\/{rel}","templated":true}]}}