{"id":280400,"date":"2025-07-16T09:09:28","date_gmt":"2025-07-16T07:09:28","guid":{"rendered":"https:\/\/megacase.com\/?post_type=product&#038;p=280400"},"modified":"2026-03-25T16:41:36","modified_gmt":"2026-03-25T15:41:36","slug":"kabeltruhe-megaflex-80-schwarz-truckmass","status":"publish","type":"product","link":"https:\/\/megacase.com\/de\/produkt\/kabeltruhe-megaflex-80-schwarz-truckmass\/","title":{"rendered":"Kabeltruhe Megaflex 80 schwarz Truckma\u00df"},"content":{"rendered":"<p>Megaflex Transport Truhe im Truckma\u00df f\u00fcr Kabel und Zubeh\u00f6r<br \/>\nmit Radmulden, Lenkrollen und zwei variablen Trennw\u00e4nden.<br \/>\nOptional sind weitere Trennbretter und diverse Megaflex-Wannen erh\u00e4ltlich.<\/p>\n<p>9 mm Multiplex schwarz RAL 9004<br \/>\n35&#215;35 mm Alukante mit Nietrille<br \/>\n4 L-Ecke gro\u00df<br \/>\n2 Butterfly gro\u00df<br \/>\n1 Deckelfeststeller gro\u00df<br \/>\n2 L-Scharnier heavy<br \/>\n1 Scharnier 6-Loch<br \/>\n8 Klappgriff gro\u00df<br \/>\n8 Kugelecke gro\u00df gestuft<br \/>\n4 Radmulde<br \/>\n4 Lenkrollen 100mm, davon 2 gebremst<br \/>\nflexible Rastereinteilung<br \/>\n2 Trennbretter (weitere \u00fcber Art.Nr. 5004)<\/p>\n<p>hergestellt in Deutschland<br \/>\nAu\u00dfenma\u00dfe ca. 795x595x796 mm<\/p>\n","protected":false},"excerpt":{"rendered":"<p>Megaflex Transport Truhe im Truckma\u00df f\u00fcr Kabel und Zubeh\u00f6r mit Radmulden, Lenkrollen und zwei variablen Trennw\u00e4nden. Optional sind weitere Trennbretter<\/p>\n","protected":false},"featured_media":280401,"template":"","meta":{"_acf_changed":false},"product_brand":[],"product_cat":[13512,13508,13509],"product_tag":[14710],"class_list":{"0":"post-280400","1":"product","2":"type-product","3":"status-publish","4":"has-post-thumbnail","6":"product_cat-case-zubehoer","7":"product_cat-universal-flightcases","8":"product_cat-truhen-cases","9":"product_tag-megaflex","11":"first","12":"instock","13":"taxable","14":"shipping-taxable","15":"purchasable","16":"product-type-simple"},"acf":[],"_links":{"self":[{"href":"https:\/\/megacase.com\/de\/wp-json\/wp\/v2\/product\/280400","targetHints":{"allow":["GET"]}}],"collection":[{"href":"https:\/\/megacase.com\/de\/wp-json\/wp\/v2\/product"}],"about":[{"href":"https:\/\/megacase.com\/de\/wp-json\/wp\/v2\/types\/product"}],"wp:featuredmedia":[{"embeddable":true,"href":"https:\/\/megacase.com\/de\/wp-json\/wp\/v2\/media\/280401"}],"wp:attachment":[{"href":"https:\/\/megacase.com\/de\/wp-json\/wp\/v2\/media?parent=280400"}],"wp:term":[{"taxonomy":"product_brand","embeddable":true,"href":"https:\/\/megacase.com\/de\/wp-json\/wp\/v2\/product_brand?post=280400"},{"taxonomy":"product_cat","embeddable":true,"href":"https:\/\/megacase.com\/de\/wp-json\/wp\/v2\/product_cat?post=280400"},{"taxonomy":"product_tag","embeddable":true,"href":"https:\/\/megacase.com\/de\/wp-json\/wp\/v2\/product_tag?post=280400"}],"curies":[{"name":"wp","href":"https:\/\/api.w.org\/{rel}","templated":true}]}}