{"id":280204,"date":"2025-07-15T11:37:52","date_gmt":"2025-07-15T09:37:52","guid":{"rendered":"https:\/\/megacase.com\/?post_type=product&#038;p=280204"},"modified":"2026-03-25T16:41:38","modified_gmt":"2026-03-25T15:41:38","slug":"30cm-wanne-megaflex-truckmass","status":"publish","type":"product","link":"https:\/\/megacase.com\/de\/produkt\/30cm-wanne-megaflex-truckmass\/","title":{"rendered":"30 cm Wanne Megaflex Truckma\u00df"},"content":{"rendered":"<p>Wanne 30 cm passend zu Megaflex Kabeltruhen im Truckma\u00df<br \/>\n15mm Birkenmultiplex<br \/>\nschwarz lackiert mit einem strapazierf\u00e4higem Strukturlack<br \/>\nflache Gummif\u00fcsse unten<br \/>\nseitliche Griffmulden gefr\u00e4st<\/p>\n<p>hergestellt in Deutschland<br \/>\nAu\u00dfenma\u00dfe  BxTxH  271x544x190 mm<br \/>\nInnenma\u00dfe  BxTxH  241x514x165 mm<br \/>\nGewicht ca. 4,6 kg<\/p>\n","protected":false},"excerpt":{"rendered":"<p>Wanne 30 cm passend zu Megaflex Kabeltruhen im Truckma\u00df 15mm Birkenmultiplex schwarz lackiert mit einem strapazierf\u00e4higem Strukturlack flache Gummif\u00fcsse unten<\/p>\n","protected":false},"featured_media":280205,"template":"","meta":{"_acf_changed":false},"product_brand":[],"product_cat":[13512],"product_tag":[14710],"class_list":{"0":"post-280204","1":"product","2":"type-product","3":"status-publish","4":"has-post-thumbnail","6":"product_cat-case-zubehoer","7":"product_tag-megaflex","9":"first","10":"instock","11":"taxable","12":"shipping-taxable","13":"purchasable","14":"product-type-simple"},"acf":[],"_links":{"self":[{"href":"https:\/\/megacase.com\/de\/wp-json\/wp\/v2\/product\/280204","targetHints":{"allow":["GET"]}}],"collection":[{"href":"https:\/\/megacase.com\/de\/wp-json\/wp\/v2\/product"}],"about":[{"href":"https:\/\/megacase.com\/de\/wp-json\/wp\/v2\/types\/product"}],"wp:featuredmedia":[{"embeddable":true,"href":"https:\/\/megacase.com\/de\/wp-json\/wp\/v2\/media\/280205"}],"wp:attachment":[{"href":"https:\/\/megacase.com\/de\/wp-json\/wp\/v2\/media?parent=280204"}],"wp:term":[{"taxonomy":"product_brand","embeddable":true,"href":"https:\/\/megacase.com\/de\/wp-json\/wp\/v2\/product_brand?post=280204"},{"taxonomy":"product_cat","embeddable":true,"href":"https:\/\/megacase.com\/de\/wp-json\/wp\/v2\/product_cat?post=280204"},{"taxonomy":"product_tag","embeddable":true,"href":"https:\/\/megacase.com\/de\/wp-json\/wp\/v2\/product_tag?post=280204"}],"curies":[{"name":"wp","href":"https:\/\/api.w.org\/{rel}","templated":true}]}}