{"id":280185,"date":"2025-07-15T11:19:09","date_gmt":"2025-07-15T09:19:09","guid":{"rendered":"https:\/\/megacase.com\/?post_type=product&#038;p=280185"},"modified":"2026-03-25T16:41:38","modified_gmt":"2026-03-25T15:41:38","slug":"trennbrett-fuer-megaflex-truhe-truckmass","status":"publish","type":"product","link":"https:\/\/megacase.com\/de\/produkt\/trennbrett-fuer-megaflex-truhe-truckmass\/","title":{"rendered":"Trennbrett f\u00fcr Megaflex Truhe Truckma\u00df"},"content":{"rendered":"<p>Trennbrett passend f\u00fcr alle <a href=\"https:\/\/megacase.com\/de\/?s=megaflex&amp;post_type=product\">Megaflex-Truhen<\/a> im Truckma\u00df.<br \/>\nDas Trennbrett ist mit einer gefr\u00e4sten Griffmulde versehen<br \/>\nund kann variabel in die Rasterleisten gesteckt werden.<br \/>\nDas Brett verj\u00fcngt sich nach unten, um besser<br \/>\nin die Rasterleisten eingef\u00fchrt werden zu k\u00f6nnen.<\/p>\n<p>9 mm Multiplex Phenol braun<\/p>\n<p>Ma\u00dfe (BxH): 53,2&#215;60,5 cm<br \/>\nGewicht: ca. 2,0 kg<\/p>\n","protected":false},"excerpt":{"rendered":"<p>Trennbrett passend f\u00fcr alle Megaflex-Truhen im Truckma\u00df. Das Trennbrett ist mit einer gefr\u00e4sten Griffmulde versehen und kann variabel in die<\/p>\n","protected":false},"featured_media":280186,"template":"","meta":{"_acf_changed":false},"product_brand":[],"product_cat":[13512],"product_tag":[14710],"class_list":{"0":"post-280185","1":"product","2":"type-product","3":"status-publish","4":"has-post-thumbnail","6":"product_cat-case-zubehoer","7":"product_tag-megaflex","9":"first","10":"instock","11":"taxable","12":"shipping-taxable","13":"purchasable","14":"product-type-simple"},"acf":[],"_links":{"self":[{"href":"https:\/\/megacase.com\/de\/wp-json\/wp\/v2\/product\/280185","targetHints":{"allow":["GET"]}}],"collection":[{"href":"https:\/\/megacase.com\/de\/wp-json\/wp\/v2\/product"}],"about":[{"href":"https:\/\/megacase.com\/de\/wp-json\/wp\/v2\/types\/product"}],"wp:featuredmedia":[{"embeddable":true,"href":"https:\/\/megacase.com\/de\/wp-json\/wp\/v2\/media\/280186"}],"wp:attachment":[{"href":"https:\/\/megacase.com\/de\/wp-json\/wp\/v2\/media?parent=280185"}],"wp:term":[{"taxonomy":"product_brand","embeddable":true,"href":"https:\/\/megacase.com\/de\/wp-json\/wp\/v2\/product_brand?post=280185"},{"taxonomy":"product_cat","embeddable":true,"href":"https:\/\/megacase.com\/de\/wp-json\/wp\/v2\/product_cat?post=280185"},{"taxonomy":"product_tag","embeddable":true,"href":"https:\/\/megacase.com\/de\/wp-json\/wp\/v2\/product_tag?post=280185"}],"curies":[{"name":"wp","href":"https:\/\/api.w.org\/{rel}","templated":true}]}}