{"id":279956,"date":"2025-07-10T12:50:05","date_gmt":"2025-07-10T10:50:05","guid":{"rendered":"https:\/\/megacase.com\/?post_type=product&#038;p=279956"},"modified":"2026-03-25T16:41:39","modified_gmt":"2026-03-25T15:41:39","slug":"wanne-40-cm-multiflex-truckmass-mit-rasterschaum","status":"publish","type":"product","link":"https:\/\/megacase.com\/de\/produkt\/wanne-40-cm-multiflex-truckmass-mit-rasterschaum\/","title":{"rendered":"40 cm Wanne Megaflex Truckma\u00df mit Rasterschaum"},"content":{"rendered":"<p>Wanne 40cm passend zu Kabeltruhe Megaflex Truckma\u00df <a href=\"https:\/\/megacase.com\/de\/produkt\/kabeltruhe-multiflex-100-truckmass-radmulden-rollen\/\">10906<\/a><br \/>\n15mm Birkenmultiplex<br \/>\nschwarz lackiert mit einem strapazierf\u00e4higem Strukturlack<br \/>\nflache Gummif\u00fcsse unten<br \/>\nseitliche Griffmulden gefr\u00e4st<br \/>\nRasterschaum links und rechts<br \/>\n2 Trennbretter 6,8 mm Phenol braun<\/p>\n<p>hergestellt in Deutschland<br \/>\nAussenma\u00dfe  BxTxH   39&#215;57,7x18cm<br \/>\nInnenma\u00dfe     BxTxH   36x54x16,5 cm<br \/>\nGewicht ca. 5,5kg<\/p>\n","protected":false},"excerpt":{"rendered":"<p>Wanne 40cm passend zu Kabeltruhe Megaflex Truckma\u00df 10906 15mm Birkenmultiplex schwarz lackiert mit einem strapazierf\u00e4higem Strukturlack flache Gummif\u00fcsse unten seitliche<\/p>\n","protected":false},"featured_media":279973,"template":"","meta":{"_acf_changed":false},"product_brand":[],"product_cat":[13512],"product_tag":[14710],"class_list":{"0":"post-279956","1":"product","2":"type-product","3":"status-publish","4":"has-post-thumbnail","6":"product_cat-case-zubehoer","7":"product_tag-megaflex","9":"first","10":"instock","11":"taxable","12":"shipping-taxable","13":"purchasable","14":"product-type-simple"},"acf":[],"_links":{"self":[{"href":"https:\/\/megacase.com\/de\/wp-json\/wp\/v2\/product\/279956","targetHints":{"allow":["GET"]}}],"collection":[{"href":"https:\/\/megacase.com\/de\/wp-json\/wp\/v2\/product"}],"about":[{"href":"https:\/\/megacase.com\/de\/wp-json\/wp\/v2\/types\/product"}],"wp:featuredmedia":[{"embeddable":true,"href":"https:\/\/megacase.com\/de\/wp-json\/wp\/v2\/media\/279973"}],"wp:attachment":[{"href":"https:\/\/megacase.com\/de\/wp-json\/wp\/v2\/media?parent=279956"}],"wp:term":[{"taxonomy":"product_brand","embeddable":true,"href":"https:\/\/megacase.com\/de\/wp-json\/wp\/v2\/product_brand?post=279956"},{"taxonomy":"product_cat","embeddable":true,"href":"https:\/\/megacase.com\/de\/wp-json\/wp\/v2\/product_cat?post=279956"},{"taxonomy":"product_tag","embeddable":true,"href":"https:\/\/megacase.com\/de\/wp-json\/wp\/v2\/product_tag?post=279956"}],"curies":[{"name":"wp","href":"https:\/\/api.w.org\/{rel}","templated":true}]}}