{"id":279923,"date":"2025-07-10T12:42:19","date_gmt":"2025-07-10T10:42:19","guid":{"rendered":"https:\/\/megacase.com\/?post_type=product&#038;p=279923"},"modified":"2026-03-25T16:41:39","modified_gmt":"2026-03-25T15:41:39","slug":"kabeltruhe-multiflex-100-truckmass-radmulden-rollen","status":"publish","type":"product","link":"https:\/\/megacase.com\/de\/produkt\/kabeltruhe-multiflex-100-truckmass-radmulden-rollen\/","title":{"rendered":"Kabeltruhe Megaflex 100 Phenol Truckma\u00df"},"content":{"rendered":"<p>Megaflex Transport Truhe f\u00fcr Kabel und Zubeh\u00f6r<br \/>\nmit drei variablen Trennw\u00e4nden im Truckma\u00df.<br \/>\nPassende Wannen <a href=\"https:\/\/megacase.com\/de\/produkt\/wanne-40-cm-multiflex-truckmass-mit-rasterschaum\/\">10908<\/a>, <a href=\"https:\/\/megacase.com\/de\/produkt\/30-cm-wanne-multiflex-truckmass-mit-rasterschaum\/\">10907<\/a> sind ebenfalls erh\u00e4ltlich.<br \/>\nPassender Koffer <a href=\"https:\/\/megacase.com\/de\/produkt\/koffercase-460x350x170mm-bxtxh-mutliflex-truckmass\/\">10888<\/a><\/p>\n<p>9 mm Multiplex Phenol braun<br \/>\n35\/35 mm Alukante<br \/>\n4 L-Ecke gro\u00df<br \/>\n2 Butterfly gro\u00df V3 14mm<br \/>\n8 Klappgriff gro\u00df<br \/>\n2 Deckelfeststeller gro\u00df Klick-Stop<br \/>\n2 L-Scharnier heavy<br \/>\n1 Scharnier 6-Loch<br \/>\n8 Kugelecke gro\u00df gestuft<br \/>\n1 Tourlabelschale<br \/>\n4 Radmulde<br \/>\n4 Lenkrolle, davon 2 gebremst<br \/>\n2 Rollbretter 570 x 160 mm<br \/>\nRasterleisten<br \/>\n2 Trennwand lang (Art.Nr. 5004)<br \/>\n1 Trennwand kurz<\/p>\n<p>Hergestellt in Deutschland<br \/>\nAu\u00dfenma\u00dfe: (BxTxH) 1000x600x800 mm<br \/>\nAu\u00dfenh\u00f6he inkl. Rollen<br \/>\nInnenma\u00dfe (BxTxH) 945x515x605 mm<br \/>\nGewicht: 49 kg<\/p>\n","protected":false},"excerpt":{"rendered":"<p>Megaflex Transport Truhe f\u00fcr Kabel und Zubeh\u00f6r mit drei variablen Trennw\u00e4nden im Truckma\u00df. Passende Wannen 10908, 10907 sind ebenfalls erh\u00e4ltlich.<\/p>\n","protected":false},"featured_media":279937,"template":"","meta":{"_acf_changed":false},"product_brand":[],"product_cat":[13508,13509,13512],"product_tag":[14710],"class_list":{"0":"post-279923","1":"product","2":"type-product","3":"status-publish","4":"has-post-thumbnail","6":"product_cat-universal-flightcases","7":"product_cat-truhen-cases","8":"product_cat-case-zubehoer","9":"product_tag-megaflex","11":"first","12":"instock","13":"taxable","14":"shipping-taxable","15":"purchasable","16":"product-type-simple"},"acf":[],"_links":{"self":[{"href":"https:\/\/megacase.com\/de\/wp-json\/wp\/v2\/product\/279923","targetHints":{"allow":["GET"]}}],"collection":[{"href":"https:\/\/megacase.com\/de\/wp-json\/wp\/v2\/product"}],"about":[{"href":"https:\/\/megacase.com\/de\/wp-json\/wp\/v2\/types\/product"}],"wp:featuredmedia":[{"embeddable":true,"href":"https:\/\/megacase.com\/de\/wp-json\/wp\/v2\/media\/279937"}],"wp:attachment":[{"href":"https:\/\/megacase.com\/de\/wp-json\/wp\/v2\/media?parent=279923"}],"wp:term":[{"taxonomy":"product_brand","embeddable":true,"href":"https:\/\/megacase.com\/de\/wp-json\/wp\/v2\/product_brand?post=279923"},{"taxonomy":"product_cat","embeddable":true,"href":"https:\/\/megacase.com\/de\/wp-json\/wp\/v2\/product_cat?post=279923"},{"taxonomy":"product_tag","embeddable":true,"href":"https:\/\/megacase.com\/de\/wp-json\/wp\/v2\/product_tag?post=279923"}],"curies":[{"name":"wp","href":"https:\/\/api.w.org\/{rel}","templated":true}]}}