{"id":279578,"date":"2025-07-09T12:41:43","date_gmt":"2025-07-09T10:41:43","guid":{"rendered":"https:\/\/megacase.com\/?post_type=product&#038;p=279578"},"modified":"2026-03-25T16:41:40","modified_gmt":"2026-03-25T15:41:40","slug":"trolleykoffer-microsoft-surface-studio-2","status":"publish","type":"product","link":"https:\/\/megacase.com\/de\/produkt\/trolleykoffer-microsoft-surface-studio-2\/","title":{"rendered":"Trolleykoffer Microsoft Surface Studio 2+"},"content":{"rendered":"<p>Koffercase mit Trolleyfunktion und Eckeinbaurollen f\u00fcr ein Microsoft Surface Studio 2+.<br \/>\nUnter dem Ger\u00e4t befinden sich F\u00e4cher f\u00fcr Zubeh\u00f6r.<\/p>\n<p>7 mm Wabenkunststoff schwarz<br \/>\n25\/25 mm Alukante<br \/>\n4 L-Ecke medium<br \/>\n2 Butterfly mittel mit \u00d6se<br \/>\n2 Feststellscharnier gro\u00df<br \/>\n3 Klappgriff medium<br \/>\n2 Kugelecke mittel<br \/>\n4 Kugelecke mittel L-Ecke<br \/>\n2 Eckeinbaurollen 48mm<br \/>\n1 Aufbau-Trolleygriff 2stufig<br \/>\n4 Gummif\u00fc\u00dfe<br \/>\nSchaumstoffpolsterung<\/p>\n<p>Hergestellt in Deutschland<br \/>\nAu\u00dfenma\u00dfe ca. BxTxH 747x522x235mm<br \/>\nGewicht ca. 9,6 Kg<\/p>\n","protected":false},"excerpt":{"rendered":"<p>Koffercase mit Trolleyfunktion und Eckeinbaurollen f\u00fcr ein Microsoft Surface Studio 2+. Unter dem Ger\u00e4t befinden sich F\u00e4cher f\u00fcr Zubeh\u00f6r. 7<\/p>\n","protected":false},"featured_media":279592,"template":"","meta":{"_acf_changed":false},"product_brand":[],"product_cat":[13576],"product_tag":[],"class_list":{"0":"post-279578","1":"product","2":"type-product","3":"status-publish","4":"has-post-thumbnail","6":"product_cat-cases-fuer-computer-und-zubehoer","8":"first","9":"instock","10":"taxable","11":"shipping-taxable","12":"purchasable","13":"product-type-simple"},"acf":[],"_links":{"self":[{"href":"https:\/\/megacase.com\/de\/wp-json\/wp\/v2\/product\/279578","targetHints":{"allow":["GET"]}}],"collection":[{"href":"https:\/\/megacase.com\/de\/wp-json\/wp\/v2\/product"}],"about":[{"href":"https:\/\/megacase.com\/de\/wp-json\/wp\/v2\/types\/product"}],"wp:featuredmedia":[{"embeddable":true,"href":"https:\/\/megacase.com\/de\/wp-json\/wp\/v2\/media\/279592"}],"wp:attachment":[{"href":"https:\/\/megacase.com\/de\/wp-json\/wp\/v2\/media?parent=279578"}],"wp:term":[{"taxonomy":"product_brand","embeddable":true,"href":"https:\/\/megacase.com\/de\/wp-json\/wp\/v2\/product_brand?post=279578"},{"taxonomy":"product_cat","embeddable":true,"href":"https:\/\/megacase.com\/de\/wp-json\/wp\/v2\/product_cat?post=279578"},{"taxonomy":"product_tag","embeddable":true,"href":"https:\/\/megacase.com\/de\/wp-json\/wp\/v2\/product_tag?post=279578"}],"curies":[{"name":"wp","href":"https:\/\/api.w.org\/{rel}","templated":true}]}}