{"id":279436,"date":"2025-07-09T09:23:44","date_gmt":"2025-07-09T07:23:44","guid":{"rendered":"https:\/\/megacase.com\/?post_type=product&#038;p=279436"},"modified":"2026-03-25T16:41:42","modified_gmt":"2026-03-25T15:41:42","slug":"koffercase-460x350x170mm-bxtxh-mutliflex-truckmass","status":"publish","type":"product","link":"https:\/\/megacase.com\/de\/produkt\/koffercase-460x350x170mm-bxtxh-mutliflex-truckmass\/","title":{"rendered":"Koffercase 460x350x170mm BxTxH &#8211; Megaflex Truckma\u00df"},"content":{"rendered":"<p>Live Koffer <a href=\"https:\/\/megacase.com\/de\/?s=megaflex&amp;post_type=product\">Megaflex<\/a> mit variabler Facheinteilung in bis zu 4 F\u00e4cher,<br \/>\npasst f\u00fcr Megaflex Truckma\u00df Truhe 100 (Art.Nr. <a href=\"https:\/\/megacase.com\/de\/produkt\/kabeltruhe-multiflex-100-truckmass-radmulden-rollen\/\">10906<\/a>)<br \/>\npassend auch in unsere Megaflex Truckma\u00df Truhen (z.B. <a href=\"https:\/\/megacase.com\/de\/produkt\/kabeltruhe-multiflex-120-rollen-gebremst\/\">3652<\/a>,3751,3753,5144).<\/p>\n<p>6,8 mm Multiplex Phenol braun<br \/>\n25\/25 mm Alukante<br \/>\n8 L-Ecke medium<br \/>\n2 Butterfly mittel<br \/>\n2 Feststellscharnier gro\u00df<br \/>\n1 Klappgriff medium<br \/>\n8 Flachecke mittel<br \/>\n3 Trennbretter aus 6,8 mm Phenol braun<br \/>\nSchaumstoffpolsterung<\/p>\n<p>** Hinweis: Abgebildete Zubeh\u00f6rtruhen dienen nur der Veranschaulichung und sind KEIN Bestandteil des Angebotes.<\/p>\n<p>hergestellt in Deutschland<br \/>\nAu\u00dfenma\u00dfe BxTxH ca. 514x420x233mm<br \/>\nGeweicht ca. 7,5 Kg<\/p>\n","protected":false},"excerpt":{"rendered":"<p>Live Koffer Megaflex mit variabler Facheinteilung in bis zu 4 F\u00e4cher, passt f\u00fcr Megaflex Truckma\u00df Truhe 100 (Art.Nr. 10906) passend<\/p>\n","protected":false},"featured_media":279455,"template":"","meta":{"_acf_changed":false},"product_brand":[],"product_cat":[13504],"product_tag":[14710],"class_list":{"0":"post-279436","1":"product","2":"type-product","3":"status-publish","4":"has-post-thumbnail","6":"product_cat-koffer-cases","7":"product_tag-megaflex","9":"first","10":"instock","11":"taxable","12":"shipping-taxable","13":"purchasable","14":"product-type-simple"},"acf":[],"_links":{"self":[{"href":"https:\/\/megacase.com\/de\/wp-json\/wp\/v2\/product\/279436","targetHints":{"allow":["GET"]}}],"collection":[{"href":"https:\/\/megacase.com\/de\/wp-json\/wp\/v2\/product"}],"about":[{"href":"https:\/\/megacase.com\/de\/wp-json\/wp\/v2\/types\/product"}],"wp:featuredmedia":[{"embeddable":true,"href":"https:\/\/megacase.com\/de\/wp-json\/wp\/v2\/media\/279455"}],"wp:attachment":[{"href":"https:\/\/megacase.com\/de\/wp-json\/wp\/v2\/media?parent=279436"}],"wp:term":[{"taxonomy":"product_brand","embeddable":true,"href":"https:\/\/megacase.com\/de\/wp-json\/wp\/v2\/product_brand?post=279436"},{"taxonomy":"product_cat","embeddable":true,"href":"https:\/\/megacase.com\/de\/wp-json\/wp\/v2\/product_cat?post=279436"},{"taxonomy":"product_tag","embeddable":true,"href":"https:\/\/megacase.com\/de\/wp-json\/wp\/v2\/product_tag?post=279436"}],"curies":[{"name":"wp","href":"https:\/\/api.w.org\/{rel}","templated":true}]}}