{"id":279396,"date":"2025-07-09T09:06:22","date_gmt":"2025-07-09T07:06:22","guid":{"rendered":"https:\/\/megacase.com\/?post_type=product&#038;p=279396"},"modified":"2026-03-25T16:41:42","modified_gmt":"2026-03-25T15:41:42","slug":"profi-single-door-case-wiener-kesselpauke-mit-rampe","status":"publish","type":"product","link":"https:\/\/megacase.com\/de\/produkt\/profi-single-door-case-wiener-kesselpauke-mit-rampe\/","title":{"rendered":"Profi Single Door Case Wiener Kesselpauke mit Rampe"},"content":{"rendered":"<p>Profi Rampen Single Door Case f\u00fcr Wiener Kesselpauke 80x82x95 cm BxTxH<br \/>\nSeparates Rollbrett<br \/>\nFach f\u00fcr Ersatzfell<br \/>\nT\u00fcranschlag rechts<\/p>\n<p>9 mm Multiplex Phenol braun<br \/>\n30\/30 Alukante<br \/>\n4 L-Ecke gro\u00df<br \/>\n2 L-Scharnier mittel<br \/>\n6 Klappgriff medium<br \/>\n2 Butterfly medium<br \/>\n6 Scharnier 6-Loch<br \/>\n8 Kugelecke gro\u00df<br \/>\n5 Lenkrollen 100mm, davon 3 gebremst<br \/>\n4 Lenkrollen 80mm f\u00fcr Rollbrett<br \/>\nSchaumstoffpolsterung<\/p>\n<p>Hergestellt in Deutschland<br \/>\nAu\u00dfenma\u00dfe ca. BxTxH 1050x800x1300mm<br \/>\nGewicht ca. 92,5 Kg<\/p>\n","protected":false},"excerpt":{"rendered":"<p>Profi Rampen Single Door Case f\u00fcr Wiener Kesselpauke 80x82x95 cm BxTxH Separates Rollbrett Fach f\u00fcr Ersatzfell T\u00fcranschlag rechts 9 mm<\/p>\n","protected":false},"featured_media":279409,"template":"","meta":{"_acf_changed":false},"product_brand":[],"product_cat":[15113],"product_tag":[],"class_list":{"0":"post-279396","1":"product","2":"type-product","3":"status-publish","4":"has-post-thumbnail","6":"product_cat-orchester-cases","8":"first","9":"instock","10":"taxable","11":"shipping-taxable","12":"purchasable","13":"product-type-simple"},"acf":[],"_links":{"self":[{"href":"https:\/\/megacase.com\/de\/wp-json\/wp\/v2\/product\/279396","targetHints":{"allow":["GET"]}}],"collection":[{"href":"https:\/\/megacase.com\/de\/wp-json\/wp\/v2\/product"}],"about":[{"href":"https:\/\/megacase.com\/de\/wp-json\/wp\/v2\/types\/product"}],"wp:featuredmedia":[{"embeddable":true,"href":"https:\/\/megacase.com\/de\/wp-json\/wp\/v2\/media\/279409"}],"wp:attachment":[{"href":"https:\/\/megacase.com\/de\/wp-json\/wp\/v2\/media?parent=279396"}],"wp:term":[{"taxonomy":"product_brand","embeddable":true,"href":"https:\/\/megacase.com\/de\/wp-json\/wp\/v2\/product_brand?post=279396"},{"taxonomy":"product_cat","embeddable":true,"href":"https:\/\/megacase.com\/de\/wp-json\/wp\/v2\/product_cat?post=279396"},{"taxonomy":"product_tag","embeddable":true,"href":"https:\/\/megacase.com\/de\/wp-json\/wp\/v2\/product_tag?post=279396"}],"curies":[{"name":"wp","href":"https:\/\/api.w.org\/{rel}","templated":true}]}}