{"id":279297,"date":"2025-07-08T14:35:41","date_gmt":"2025-07-08T12:35:41","guid":{"rendered":"https:\/\/megacase.com\/?post_type=product&#038;p=279297"},"modified":"2026-03-25T16:41:42","modified_gmt":"2026-03-25T15:41:42","slug":"heavy-truhencase-martin-mac-one-sip-set-of-4","status":"publish","type":"product","link":"https:\/\/megacase.com\/de\/produkt\/heavy-truhencase-martin-mac-one-sip-set-of-4\/","title":{"rendered":"Heavy Truhencase Martin Mac One Sip Set of 4"},"content":{"rendered":"<p>Heavy Truhencase passend f\u00fcr 2 Sip Eins\u00e4tze, 4 St\u00fcck Martin Mac One.<br \/>\nCase im Truckma\u00df von 60&#215;60 cm.<br \/>\nMittig ein Zubeh\u00f6rfach, eine Tourlabelschale, Radmulden zum Stapeln und Lenkrollen.<\/p>\n<p>9 mm Multiplex schwarz RAL 9004<br \/>\n35&#215;35 mm Alukante<br \/>\n4 L-Ecke gro\u00df<br \/>\n2 Butterfly gro\u00df<br \/>\n1 Deckelfeststeller gro\u00df mit Klick-Stopp<br \/>\n2 L-Scharnier heavy<br \/>\n4 Klappgriff gro\u00df<br \/>\n1 Tourlabelschale<br \/>\n8 Kugelecke gro\u00df gekr\u00f6pft<br \/>\n4 Einbauschale Radmulde<br \/>\n4 Lenkrollen 100mm, davon 2 gebremst<\/p>\n<p>hergestellt in Deutschland<br \/>\nAu\u00dfenma\u00dfe BxTxH 625 x 625 x 684 mm<br \/>\nGewicht: 37 kg<\/p>\n","protected":false},"excerpt":{"rendered":"<p>Heavy Truhencase passend f\u00fcr 2 Sip Eins\u00e4tze, 4 St\u00fcck Martin Mac One. Case im Truckma\u00df von 60&#215;60 cm. Mittig ein<\/p>\n","protected":false},"featured_media":279299,"template":"","meta":{"_acf_changed":false},"product_brand":[],"product_cat":[13627],"product_tag":[],"class_list":{"0":"post-279297","1":"product","2":"type-product","3":"status-publish","4":"has-post-thumbnail","6":"product_cat-lichtcases","8":"first","9":"instock","10":"taxable","11":"shipping-taxable","12":"purchasable","13":"product-type-simple"},"acf":[],"_links":{"self":[{"href":"https:\/\/megacase.com\/de\/wp-json\/wp\/v2\/product\/279297","targetHints":{"allow":["GET"]}}],"collection":[{"href":"https:\/\/megacase.com\/de\/wp-json\/wp\/v2\/product"}],"about":[{"href":"https:\/\/megacase.com\/de\/wp-json\/wp\/v2\/types\/product"}],"wp:featuredmedia":[{"embeddable":true,"href":"https:\/\/megacase.com\/de\/wp-json\/wp\/v2\/media\/279299"}],"wp:attachment":[{"href":"https:\/\/megacase.com\/de\/wp-json\/wp\/v2\/media?parent=279297"}],"wp:term":[{"taxonomy":"product_brand","embeddable":true,"href":"https:\/\/megacase.com\/de\/wp-json\/wp\/v2\/product_brand?post=279297"},{"taxonomy":"product_cat","embeddable":true,"href":"https:\/\/megacase.com\/de\/wp-json\/wp\/v2\/product_cat?post=279297"},{"taxonomy":"product_tag","embeddable":true,"href":"https:\/\/megacase.com\/de\/wp-json\/wp\/v2\/product_tag?post=279297"}],"curies":[{"name":"wp","href":"https:\/\/api.w.org\/{rel}","templated":true}]}}