{"id":279195,"date":"2025-07-08T14:19:33","date_gmt":"2025-07-08T12:19:33","guid":{"rendered":"https:\/\/megacase.com\/?post_type=product&#038;p=279195"},"modified":"2026-03-25T16:41:43","modified_gmt":"2026-03-25T15:41:43","slug":"heavy-triple-door-case-stairville-bsw-350-led-4in1","status":"publish","type":"product","link":"https:\/\/megacase.com\/de\/produkt\/heavy-triple-door-case-stairville-bsw-350-led-4in1\/","title":{"rendered":"Heavy Triple Door Case  Stairville BSW-350 LED 4in1"},"content":{"rendered":"<p>Heavy Triple Door Case f\u00fcr 4x Stairville BSW-350 LED Hybrid Moving Head.<br \/>\nMittig ein 15 cm Zubeh\u00f6rfach, Kantengriffe f\u00fcr leichtes Handling und Lenkrollen.<\/p>\n<p>9 mm Multiplex Phenol braun<br \/>\n35\/35 mm Alukante<br \/>\n9 mm Schlie\u00dfprofil Male\/Female<br \/>\n16 L-Ecke gro\u00df gekr\u00f6pft<br \/>\n12 Butterfly gro\u00df<br \/>\n8 Klappgriff gro\u00df<br \/>\n8 Kantengriff<br \/>\n8 Kugelecke gro\u00df gekr\u00f6pft<br \/>\n4 Lenkrolle 100mm, davon 2 gebremst<br \/>\nSchaumstoffpolsterung<\/p>\n<p>** Hinweis: Abgebildete Ger\u00e4te dienen nur der Veranschaulichung und sind kein Bestandteil des Angebotes.<\/p>\n<p>hergestellt in Deutschland<br \/>\nAu\u00dfenma\u00dfe ca. BxTxH 825x1015x975 mm<br \/>\nGewicht ca. 97 kg<\/p>\n","protected":false},"excerpt":{"rendered":"<p>Heavy Triple Door Case f\u00fcr 4x Stairville BSW-350 LED Hybrid Moving Head. Mittig ein 15 cm Zubeh\u00f6rfach, Kantengriffe f\u00fcr leichtes<\/p>\n","protected":false},"featured_media":279196,"template":"","meta":{"_acf_changed":false},"product_brand":[],"product_cat":[13627],"product_tag":[],"class_list":{"0":"post-279195","1":"product","2":"type-product","3":"status-publish","4":"has-post-thumbnail","6":"product_cat-lichtcases","8":"first","9":"instock","10":"taxable","11":"shipping-taxable","12":"purchasable","13":"product-type-simple"},"acf":[],"_links":{"self":[{"href":"https:\/\/megacase.com\/de\/wp-json\/wp\/v2\/product\/279195","targetHints":{"allow":["GET"]}}],"collection":[{"href":"https:\/\/megacase.com\/de\/wp-json\/wp\/v2\/product"}],"about":[{"href":"https:\/\/megacase.com\/de\/wp-json\/wp\/v2\/types\/product"}],"wp:featuredmedia":[{"embeddable":true,"href":"https:\/\/megacase.com\/de\/wp-json\/wp\/v2\/media\/279196"}],"wp:attachment":[{"href":"https:\/\/megacase.com\/de\/wp-json\/wp\/v2\/media?parent=279195"}],"wp:term":[{"taxonomy":"product_brand","embeddable":true,"href":"https:\/\/megacase.com\/de\/wp-json\/wp\/v2\/product_brand?post=279195"},{"taxonomy":"product_cat","embeddable":true,"href":"https:\/\/megacase.com\/de\/wp-json\/wp\/v2\/product_cat?post=279195"},{"taxonomy":"product_tag","embeddable":true,"href":"https:\/\/megacase.com\/de\/wp-json\/wp\/v2\/product_tag?post=279195"}],"curies":[{"name":"wp","href":"https:\/\/api.w.org\/{rel}","templated":true}]}}