{"id":279155,"date":"2025-07-08T13:56:28","date_gmt":"2025-07-08T11:56:28","guid":{"rendered":"https:\/\/megacase.com\/?post_type=product&#038;p=279155"},"modified":"2026-03-25T16:41:43","modified_gmt":"2026-03-25T15:41:43","slug":"truhencase-stairville-scansphere-300-2in1-fach-rollen","status":"publish","type":"product","link":"https:\/\/megacase.com\/de\/produkt\/truhencase-stairville-scansphere-300-2in1-fach-rollen\/","title":{"rendered":"Truhencase Stairville ScanSphere 300 2in1 + Fach + Rollen"},"content":{"rendered":"<p>Truhencase passend f\u00fcr 2 Stairville ScanSphere 300<br \/>\nmit montierter Stativhalterung.<br \/>\nRechts ein 15 cm Fach f\u00fcr Zubeh\u00f6r und Lenkrollen.<\/p>\n<p>6,8 mm Multiplex Phenol braun<br \/>\n30&#215;30 mm Alukante<br \/>\n4 L-Ecke medium<br \/>\n2 Butterfly mittel<br \/>\n4 Feststellscharnier gro\u00df<br \/>\n4 Klappgriff medium<br \/>\n8 Stahlkugelecke mittel<br \/>\n4 Lenkrollen 100mm, davon 2 gebremst<br \/>\nSchaumstoffpolsterung<\/p>\n<p>hergestellt in Deutschland<br \/>\nAu\u00dfenma\u00dfe BxTxH 1430 x 520 x 497 mm<br \/>\nGewicht:33,3 kg<\/p>\n","protected":false},"excerpt":{"rendered":"<p>Truhencase passend f\u00fcr 2 Stairville ScanSphere 300 mit montierter Stativhalterung. Rechts ein 15 cm Fach f\u00fcr Zubeh\u00f6r und Lenkrollen. 6,8<\/p>\n","protected":false},"featured_media":279168,"template":"","meta":{"_acf_changed":false},"product_brand":[],"product_cat":[13627],"product_tag":[],"class_list":{"0":"post-279155","1":"product","2":"type-product","3":"status-publish","4":"has-post-thumbnail","6":"product_cat-lichtcases","8":"first","9":"instock","10":"taxable","11":"shipping-taxable","12":"purchasable","13":"product-type-simple"},"acf":[],"_links":{"self":[{"href":"https:\/\/megacase.com\/de\/wp-json\/wp\/v2\/product\/279155","targetHints":{"allow":["GET"]}}],"collection":[{"href":"https:\/\/megacase.com\/de\/wp-json\/wp\/v2\/product"}],"about":[{"href":"https:\/\/megacase.com\/de\/wp-json\/wp\/v2\/types\/product"}],"wp:featuredmedia":[{"embeddable":true,"href":"https:\/\/megacase.com\/de\/wp-json\/wp\/v2\/media\/279168"}],"wp:attachment":[{"href":"https:\/\/megacase.com\/de\/wp-json\/wp\/v2\/media?parent=279155"}],"wp:term":[{"taxonomy":"product_brand","embeddable":true,"href":"https:\/\/megacase.com\/de\/wp-json\/wp\/v2\/product_brand?post=279155"},{"taxonomy":"product_cat","embeddable":true,"href":"https:\/\/megacase.com\/de\/wp-json\/wp\/v2\/product_cat?post=279155"},{"taxonomy":"product_tag","embeddable":true,"href":"https:\/\/megacase.com\/de\/wp-json\/wp\/v2\/product_tag?post=279155"}],"curies":[{"name":"wp","href":"https:\/\/api.w.org\/{rel}","templated":true}]}}