{"id":278777,"date":"2025-07-08T12:27:13","date_gmt":"2025-07-08T10:27:13","guid":{"rendered":"https:\/\/megacase.com\/?post_type=product&#038;p=278777"},"modified":"2026-03-25T16:41:45","modified_gmt":"2026-03-25T15:41:45","slug":"zubehoercase-2x6-euronorm-e2-boxen","status":"publish","type":"product","link":"https:\/\/megacase.com\/de\/produkt\/zubehoercase-2x6-euronorm-e2-boxen\/","title":{"rendered":"Zubeh\u00f6rcase 2&#215;6 Kisten E2 Euronorm"},"content":{"rendered":"<p>Zubeh\u00f6rcase f\u00fcr 2&#215;6 <a href=\"https:\/\/megacase.com\/de\/?s=euronorm&amp;post_type=product\">Euronorm Boxen<\/a> E2<br \/>\nIdeal zum Sortieren von Kleinteilen, Kabeln, Werkzeut etc.<br \/>\nDie 12 Kunststoffk\u00e4sten Euronorm E2 Stapelkisten (Farbe: rot) kann man zus\u00e4tzlich mit einem Trennwandset unterteilen (siehe 328318, 587001)<\/p>\n<p>9 mm Multiplex Phenol braun<br \/>\n30&#215;30 mm Alukante<br \/>\n8 L-Ecke gro\u00df<br \/>\n3 Butterfly mittel mit \u00d6se<br \/>\n8 Klappgriff medium<br \/>\n5 Scharnier 6-Loch<br \/>\n8 Kugelecke gro\u00df<br \/>\n8 Lenkrollen 100 mm, davon 4 gebremst<br \/>\n12 Euronorm E2 Stapelkisten (BxTxH) 565x365x195mm<br \/>\nauch in anderen Varianten erh\u00e4ltlich (z.B 2 x 3 oder 2 x 4 K\u00e4sten)<br \/>\nAuflagewinkel aus Alu<\/p>\n<p>hergestellt in Deutschland<br \/>\nAu\u00dfenma\u00dfe ca.BxTxH 850x660x1470 mm<br \/>\nGewicht: ca. 79,6 kg<\/p>\n","protected":false},"excerpt":{"rendered":"<p>Zubeh\u00f6rcase f\u00fcr 2&#215;6 Euronorm Boxen E2 Ideal zum Sortieren von Kleinteilen, Kabeln, Werkzeut etc. Die 12 Kunststoffk\u00e4sten Euronorm E2 Stapelkisten<\/p>\n","protected":false},"featured_media":278790,"template":"","meta":{"_acf_changed":false},"product_brand":[],"product_cat":[13512,13565],"product_tag":[16484],"class_list":{"0":"post-278777","1":"product","2":"type-product","3":"status-publish","4":"has-post-thumbnail","6":"product_cat-case-zubehoer","7":"product_cat-catering-und-event-cases","8":"product_tag-euronorm","10":"first","11":"instock","12":"taxable","13":"shipping-taxable","14":"purchasable","15":"product-type-simple"},"acf":[],"_links":{"self":[{"href":"https:\/\/megacase.com\/de\/wp-json\/wp\/v2\/product\/278777","targetHints":{"allow":["GET"]}}],"collection":[{"href":"https:\/\/megacase.com\/de\/wp-json\/wp\/v2\/product"}],"about":[{"href":"https:\/\/megacase.com\/de\/wp-json\/wp\/v2\/types\/product"}],"wp:featuredmedia":[{"embeddable":true,"href":"https:\/\/megacase.com\/de\/wp-json\/wp\/v2\/media\/278790"}],"wp:attachment":[{"href":"https:\/\/megacase.com\/de\/wp-json\/wp\/v2\/media?parent=278777"}],"wp:term":[{"taxonomy":"product_brand","embeddable":true,"href":"https:\/\/megacase.com\/de\/wp-json\/wp\/v2\/product_brand?post=278777"},{"taxonomy":"product_cat","embeddable":true,"href":"https:\/\/megacase.com\/de\/wp-json\/wp\/v2\/product_cat?post=278777"},{"taxonomy":"product_tag","embeddable":true,"href":"https:\/\/megacase.com\/de\/wp-json\/wp\/v2\/product_tag?post=278777"}],"curies":[{"name":"wp","href":"https:\/\/api.w.org\/{rel}","templated":true}]}}