{"id":278273,"date":"2025-07-07T12:07:49","date_gmt":"2025-07-07T10:07:49","guid":{"rendered":"https:\/\/megacase.com\/?post_type=product&#038;p=278273"},"modified":"2026-03-25T16:41:47","modified_gmt":"2026-03-25T15:41:47","slug":"trolleykoffer-symphonic-gong-38-zoll","status":"publish","type":"product","link":"https:\/\/megacase.com\/de\/produkt\/trolleykoffer-symphonic-gong-38-zoll\/","title":{"rendered":"Trolleykoffer Symphonic Gong 38&#8243; Zoll"},"content":{"rendered":"<p>Trolleykoffer f\u00fcr Symphonic Gong 38 Zoll<br \/>\nnutzbare Innenma\u00dfe: Durchmesser von 98 cm &#8211; H\u00f6he 6,5cm<\/p>\n<p>6,5 mm Polyboard schwarz<br \/>\n25\/25 Alukante<br \/>\n4 L-Ecke medium<br \/>\n2 Butterfly mittel<br \/>\n2 Feststellscharnier gro\u00df<br \/>\n5 Klappgriff medium schmal<br \/>\n2 Kugelecke mittel<br \/>\n4 Kugelecke mittel mit L-Ecke<br \/>\n2 Eckeinbaurollen 48mm<br \/>\n4 Gummifu\u00df 38x20mm<br \/>\nSchaumstoffpolsterung (Inlay)<\/p>\n<p>** Hinweis: Mit abgebildete Ger\u00e4te dienen nur der Veranschaulichung und sind KEIN Bestandteil des Angebotes.<\/p>\n<p>hergestellt in Deutschland<br \/>\nAu\u00dfenabmessungen (B x T x H): 1086 x 1086 x 182 mm<br \/>\nGewicht: ca. 16,3 kg<\/p>\n","protected":false},"excerpt":{"rendered":"<p>Trolleykoffer f\u00fcr Symphonic Gong 38 Zoll nutzbare Innenma\u00dfe: Durchmesser von 98 cm &#8211; H\u00f6he 6,5cm 6,5 mm Polyboard schwarz 25\/25<\/p>\n","protected":false},"featured_media":278382,"template":"","meta":{"_acf_changed":false},"product_brand":[],"product_cat":[15113],"product_tag":[],"class_list":{"0":"post-278273","1":"product","2":"type-product","3":"status-publish","4":"has-post-thumbnail","6":"product_cat-orchester-cases","8":"first","9":"instock","10":"taxable","11":"shipping-taxable","12":"purchasable","13":"product-type-simple"},"acf":[],"_links":{"self":[{"href":"https:\/\/megacase.com\/de\/wp-json\/wp\/v2\/product\/278273","targetHints":{"allow":["GET"]}}],"collection":[{"href":"https:\/\/megacase.com\/de\/wp-json\/wp\/v2\/product"}],"about":[{"href":"https:\/\/megacase.com\/de\/wp-json\/wp\/v2\/types\/product"}],"wp:featuredmedia":[{"embeddable":true,"href":"https:\/\/megacase.com\/de\/wp-json\/wp\/v2\/media\/278382"}],"wp:attachment":[{"href":"https:\/\/megacase.com\/de\/wp-json\/wp\/v2\/media?parent=278273"}],"wp:term":[{"taxonomy":"product_brand","embeddable":true,"href":"https:\/\/megacase.com\/de\/wp-json\/wp\/v2\/product_brand?post=278273"},{"taxonomy":"product_cat","embeddable":true,"href":"https:\/\/megacase.com\/de\/wp-json\/wp\/v2\/product_cat?post=278273"},{"taxonomy":"product_tag","embeddable":true,"href":"https:\/\/megacase.com\/de\/wp-json\/wp\/v2\/product_tag?post=278273"}],"curies":[{"name":"wp","href":"https:\/\/api.w.org\/{rel}","templated":true}]}}