{"id":277087,"date":"2025-07-02T10:25:00","date_gmt":"2025-07-02T08:25:00","guid":{"rendered":"https:\/\/megacase.com\/?post_type=product&#038;p=277087"},"modified":"2026-03-25T16:41:54","modified_gmt":"2026-03-25T15:41:54","slug":"truhencase-2x-martin-mac-viper-xip","status":"publish","type":"product","link":"https:\/\/megacase.com\/de\/produkt\/truhencase-2x-martin-mac-viper-xip\/","title":{"rendered":"Truhencase 2x Martin MAC Viper XIP"},"content":{"rendered":"<p>Truhencase f\u00fcr 2x Martin MAC Viper XIP<br \/>\nmit Lenkrollen und 15cm Zubeh\u00f6rfach mittig ungepolstert.<br \/>\nDeckel mit Einbauschale f\u00fcr Tourlabel.<\/p>\n<p>9 mm Multiplex schwarz RAL 9004<br \/>\n30\/30 mm Alukante<br \/>\n2 L-Ecke medium<br \/>\n2 L-Ecke gro\u00df<br \/>\n2 Butterfly mittel<br \/>\n2 Deckelfeststeller mittel Klick-Stop<br \/>\n2 L-Schanier gro\u00df<br \/>\n1 6-Loch Scharnier<br \/>\n4 Klappgriff medium<br \/>\n1 Tourlabelschale<br \/>\n8 Kugelecke gro\u00df<br \/>\n4  Lenkrollen 100mm, davon 2 gebremst<br \/>\nSchaumstoffpolsterung<\/p>\n<p>hergestellt in Deutschland<br \/>\nAu\u00dfenm\u00dfe ca. BxTxH 922x550x1030mm<br \/>\nGewicht ca. 56,9kg<\/p>\n","protected":false},"excerpt":{"rendered":"<p>Truhencase f\u00fcr 2x Martin MAC Viper XIP mit Lenkrollen und 15cm Zubeh\u00f6rfach mittig ungepolstert. Deckel mit Einbauschale f\u00fcr Tourlabel. 9<\/p>\n","protected":false},"featured_media":277112,"template":"","meta":{"_acf_changed":false},"product_brand":[],"product_cat":[13627],"product_tag":[],"class_list":{"0":"post-277087","1":"product","2":"type-product","3":"status-publish","4":"has-post-thumbnail","6":"product_cat-lichtcases","8":"first","9":"instock","10":"taxable","11":"shipping-taxable","12":"purchasable","13":"product-type-simple"},"acf":[],"_links":{"self":[{"href":"https:\/\/megacase.com\/de\/wp-json\/wp\/v2\/product\/277087","targetHints":{"allow":["GET"]}}],"collection":[{"href":"https:\/\/megacase.com\/de\/wp-json\/wp\/v2\/product"}],"about":[{"href":"https:\/\/megacase.com\/de\/wp-json\/wp\/v2\/types\/product"}],"wp:featuredmedia":[{"embeddable":true,"href":"https:\/\/megacase.com\/de\/wp-json\/wp\/v2\/media\/277112"}],"wp:attachment":[{"href":"https:\/\/megacase.com\/de\/wp-json\/wp\/v2\/media?parent=277087"}],"wp:term":[{"taxonomy":"product_brand","embeddable":true,"href":"https:\/\/megacase.com\/de\/wp-json\/wp\/v2\/product_brand?post=277087"},{"taxonomy":"product_cat","embeddable":true,"href":"https:\/\/megacase.com\/de\/wp-json\/wp\/v2\/product_cat?post=277087"},{"taxonomy":"product_tag","embeddable":true,"href":"https:\/\/megacase.com\/de\/wp-json\/wp\/v2\/product_tag?post=277087"}],"curies":[{"name":"wp","href":"https:\/\/api.w.org\/{rel}","templated":true}]}}