{"id":276988,"date":"2025-07-02T10:07:27","date_gmt":"2025-07-02T08:07:27","guid":{"rendered":"https:\/\/megacase.com\/?post_type=product&#038;p=276988"},"modified":"2026-03-25T16:41:54","modified_gmt":"2026-03-25T15:41:54","slug":"truhencase-2x-ld-systems-maui-5-radmulden-rollen","status":"publish","type":"product","link":"https:\/\/megacase.com\/de\/produkt\/truhencase-2x-ld-systems-maui-5-radmulden-rollen\/","title":{"rendered":"Truhencase 2x LD Systems Maui 5 + Radmulden + Rollen"},"content":{"rendered":"<p>Profi Truhencase f\u00fcr 2x LD Systems Maui 5 (1 Stereoset)<br \/>\nim Truckma\u00df mit einem Zubeh\u00f6rfach.<br \/>\nIm Deckel Einbauschale f\u00fcr Tourlabel und tiefe Radmulden.<br \/>\nDie 100mm Lenkrollen sind selbst ausrichtend.<\/p>\n<p>9 mm Multiplex farbig beschichtet<br \/>\n&#8211; bitte gew\u00fcnschte Farbe aus unserer Farbkarte w\u00e4hlen<br \/>\n30&#215;30 mm Alukante<br \/>\n4 L-Ecke gro\u00df<br \/>\n2 Butterfly mittel<br \/>\n2 Deckelfeststeller mittel Klick-Stop<br \/>\n2 L-Scharnier heavy<br \/>\n8 Klappgriff medium<br \/>\n8 Kugelecke gro\u00df<br \/>\n1 Einbauschale f\u00fcr Tourlabel<br \/>\n4 Radmulden (tief)<br \/>\n4x 100mm Lenkrollen selbst ausrichtend, davon 2 gebremst<br \/>\nSchaumstoffpolsterung<\/p>\n<p>hergestellt in Deutschland<br \/>\nAu\u00dfenma\u00dfe BxTxH 836 x 598 x 806 mm<br \/>\nGewicht. 42,5 kg<\/p>\n","protected":false},"excerpt":{"rendered":"<p>Profi Truhencase f\u00fcr 2x LD Systems Maui 5 (1 Stereoset) im Truckma\u00df mit einem Zubeh\u00f6rfach. Im Deckel Einbauschale f\u00fcr Tourlabel<\/p>\n","protected":false},"featured_media":277046,"template":"","meta":{"_acf_changed":false},"product_brand":[],"product_cat":[13579],"product_tag":[],"class_list":{"0":"post-276988","1":"product","2":"type-product","3":"status-publish","4":"has-post-thumbnail","6":"product_cat-audio-cases","8":"first","9":"instock","10":"taxable","11":"shipping-taxable","12":"purchasable","13":"product-type-simple"},"acf":[],"_links":{"self":[{"href":"https:\/\/megacase.com\/de\/wp-json\/wp\/v2\/product\/276988","targetHints":{"allow":["GET"]}}],"collection":[{"href":"https:\/\/megacase.com\/de\/wp-json\/wp\/v2\/product"}],"about":[{"href":"https:\/\/megacase.com\/de\/wp-json\/wp\/v2\/types\/product"}],"wp:featuredmedia":[{"embeddable":true,"href":"https:\/\/megacase.com\/de\/wp-json\/wp\/v2\/media\/277046"}],"wp:attachment":[{"href":"https:\/\/megacase.com\/de\/wp-json\/wp\/v2\/media?parent=276988"}],"wp:term":[{"taxonomy":"product_brand","embeddable":true,"href":"https:\/\/megacase.com\/de\/wp-json\/wp\/v2\/product_brand?post=276988"},{"taxonomy":"product_cat","embeddable":true,"href":"https:\/\/megacase.com\/de\/wp-json\/wp\/v2\/product_cat?post=276988"},{"taxonomy":"product_tag","embeddable":true,"href":"https:\/\/megacase.com\/de\/wp-json\/wp\/v2\/product_tag?post=276988"}],"curies":[{"name":"wp","href":"https:\/\/api.w.org\/{rel}","templated":true}]}}