{"id":276669,"date":"2025-07-02T09:07:04","date_gmt":"2025-07-02T07:07:04","guid":{"rendered":"https:\/\/megacase.com\/?post_type=product&#038;p=276669"},"modified":"2026-03-25T16:41:56","modified_gmt":"2026-03-25T15:41:56","slug":"flip-case-mit-hub-lift-yamaha-dm7-rollen","status":"publish","type":"product","link":"https:\/\/megacase.com\/de\/produkt\/flip-case-mit-hub-lift-yamaha-dm7-rollen\/","title":{"rendered":"Flip Case mit Hub-Lift Yamaha DM7 Rollen"},"content":{"rendered":"<p><a href=\"https:\/\/megacase.com\/de\/?s=Flip+Down&amp;post_type=product\">Flip Case<\/a> mit Hub-Lift f\u00fcr ein Yamaha DM7<br \/>\nDie Mischpultwanne ist abnehmbar.<br \/>\nDie Bedienh\u00f6he ist elektrisch durch Hubs\u00e4ule von 848 mm &#8211; max 1198 mm h\u00f6henverstellbar.<br \/>\nHinter dem Mischpult befindet sich ein 15cm tiefes Dockhouse.<br \/>\nVorbereitung zur Montage von T-Racks Power3USB (Art. 437416)<br \/>\ninkl. 2 Monitoradapter (300mm L\u00e4nge)<\/p>\n<p>9 mm Multiplex schwarz RAL9004<br \/>\n35\/35 mm Alukante<br \/>\n12 L-Ecke gro\u00df gekr\u00f6pft<br \/>\n6 Butterfly gro\u00df<br \/>\n2 Riegelverschluss + Blende<br \/>\n3 Anschraubscharnier silber<br \/>\n8 Klappgriff gro\u00df<br \/>\n2 Kanteneinbaugriff<br \/>\n1 Tourlabelschale<br \/>\n8 Kugelecke gro\u00df<br \/>\n4 Lenkrollen 100 mm, davon 2 gebremst<br \/>\nSchaumstoffpolsterung<\/p>\n<p>Hergestellt in Deutschland<br \/>\nAu\u00dfenma\u00dfe ca BxTxH 1210 x 620 x 1000 mm<br \/>\nGewicht ca. 122,7 Kg<\/p>\n","protected":false},"excerpt":{"rendered":"<p>Flip Case mit Hub-Lift f\u00fcr ein Yamaha DM7 Die Mischpultwanne ist abnehmbar. Die Bedienh\u00f6he ist elektrisch durch Hubs\u00e4ule von 848<\/p>\n","protected":false},"featured_media":276710,"template":"","meta":{"_acf_changed":false},"product_brand":[],"product_cat":[13495],"product_tag":[],"class_list":{"0":"post-276669","1":"product","2":"type-product","3":"status-publish","4":"has-post-thumbnail","6":"product_cat-mischpult-cases","8":"first","9":"instock","10":"taxable","11":"shipping-taxable","12":"purchasable","13":"product-type-simple"},"acf":[],"_links":{"self":[{"href":"https:\/\/megacase.com\/de\/wp-json\/wp\/v2\/product\/276669","targetHints":{"allow":["GET"]}}],"collection":[{"href":"https:\/\/megacase.com\/de\/wp-json\/wp\/v2\/product"}],"about":[{"href":"https:\/\/megacase.com\/de\/wp-json\/wp\/v2\/types\/product"}],"wp:featuredmedia":[{"embeddable":true,"href":"https:\/\/megacase.com\/de\/wp-json\/wp\/v2\/media\/276710"}],"wp:attachment":[{"href":"https:\/\/megacase.com\/de\/wp-json\/wp\/v2\/media?parent=276669"}],"wp:term":[{"taxonomy":"product_brand","embeddable":true,"href":"https:\/\/megacase.com\/de\/wp-json\/wp\/v2\/product_brand?post=276669"},{"taxonomy":"product_cat","embeddable":true,"href":"https:\/\/megacase.com\/de\/wp-json\/wp\/v2\/product_cat?post=276669"},{"taxonomy":"product_tag","embeddable":true,"href":"https:\/\/megacase.com\/de\/wp-json\/wp\/v2\/product_tag?post=276669"}],"curies":[{"name":"wp","href":"https:\/\/api.w.org\/{rel}","templated":true}]}}