{"id":276368,"date":"2025-07-01T12:18:20","date_gmt":"2025-07-01T10:18:20","guid":{"rendered":"https:\/\/megacase.com\/?post_type=product&#038;p=276368"},"modified":"2026-03-25T16:41:57","modified_gmt":"2026-03-25T15:41:57","slug":"haubencase-waves-emotion-lv1-classic","status":"publish","type":"product","link":"https:\/\/megacase.com\/de\/produkt\/haubencase-waves-emotion-lv1-classic\/","title":{"rendered":"Haubencase Waves eMotion LV1 Classic"},"content":{"rendered":"<p>Robustes und praxisorientiertes Live-Haubencase aus Polyboard-Kunststoff schwarz f\u00fcr das Waves eMotion LV1 Classic Mischsystem. Das Ger\u00e4t kann im Case betrieben werden, wodurch ein schneller Aufbau und ein effizienter Einsatz im Live-Betrieb erm\u00f6glicht wird.<\/p>\n<p>Ein integrierter 10 cm breiter Kabelkanal hinter dem Ger\u00e4t sorgt f\u00fcr eine saubere und gesch\u00fctzte Kabelf\u00fchrung und erleichtert das Verkabeln im Touring-Alltag.<\/p>\n<p>Ausstattung:<br \/>\n6,5 mm Polyboard schwarz<br \/>\nstabile 30 \u00d7 30 mm Aluminiumprofile<br \/>\n4 L-Ecken (Medium)<br \/>\n6 Klappgriffe (Medium)<br \/>\n4 Butterfly-Verschl\u00fcsse (Medium)<br \/>\n4 Stahl-Kugelecken (Medium)<br \/>\n4 Stahl-Kugelecken (Medium) mit L-Ecke<br \/>\n4 Gummif\u00fc\u00dfe<br \/>\npassgenaue Schaumstoffpolsterung f\u00fcr optimalen Schutz des Ger\u00e4ts<\/p>\n<p>** abgebildete Ger\u00e4te dienen nur der Veranschaulichung und sind nicht im Lieferumfang enthalten.<\/p>\n<p>hergestellt in Deutschland<br \/>\nAu\u00dfenma\u00dfe BxTxH ca. 630 x 724 x 515 mm<br \/>\nGewicht ca. 17,6 Kg<\/p>\n","protected":false},"excerpt":{"rendered":"<p>Robustes und praxisorientiertes Live-Haubencase aus Polyboard-Kunststoff schwarz f\u00fcr das Waves eMotion LV1 Classic Mischsystem. Das Ger\u00e4t kann im Case betrieben<\/p>\n","protected":false},"featured_media":277454,"template":"","meta":{"_acf_changed":false},"product_brand":[],"product_cat":[13495],"product_tag":[],"class_list":{"0":"post-276368","1":"product","2":"type-product","3":"status-publish","4":"has-post-thumbnail","6":"product_cat-mischpult-cases","8":"first","9":"instock","10":"taxable","11":"shipping-taxable","12":"purchasable","13":"product-type-simple"},"acf":[],"_links":{"self":[{"href":"https:\/\/megacase.com\/de\/wp-json\/wp\/v2\/product\/276368","targetHints":{"allow":["GET"]}}],"collection":[{"href":"https:\/\/megacase.com\/de\/wp-json\/wp\/v2\/product"}],"about":[{"href":"https:\/\/megacase.com\/de\/wp-json\/wp\/v2\/types\/product"}],"wp:featuredmedia":[{"embeddable":true,"href":"https:\/\/megacase.com\/de\/wp-json\/wp\/v2\/media\/277454"}],"wp:attachment":[{"href":"https:\/\/megacase.com\/de\/wp-json\/wp\/v2\/media?parent=276368"}],"wp:term":[{"taxonomy":"product_brand","embeddable":true,"href":"https:\/\/megacase.com\/de\/wp-json\/wp\/v2\/product_brand?post=276368"},{"taxonomy":"product_cat","embeddable":true,"href":"https:\/\/megacase.com\/de\/wp-json\/wp\/v2\/product_cat?post=276368"},{"taxonomy":"product_tag","embeddable":true,"href":"https:\/\/megacase.com\/de\/wp-json\/wp\/v2\/product_tag?post=276368"}],"curies":[{"name":"wp","href":"https:\/\/api.w.org\/{rel}","templated":true}]}}