{"id":276246,"date":"2025-07-01T11:54:45","date_gmt":"2025-07-01T09:54:45","guid":{"rendered":"https:\/\/megacase.com\/?post_type=product&#038;p=276246"},"modified":"2026-03-25T16:41:58","modified_gmt":"2026-03-25T15:41:58","slug":"controller-case-rane-performer","status":"publish","type":"product","link":"https:\/\/megacase.com\/de\/produkt\/controller-case-rane-performer\/","title":{"rendered":"Controller Case Rane Performer"},"content":{"rendered":"<p>Robustes und kompaktes Case f\u00fcr den Rane Performer DJ Controller. Das Ger\u00e4t kann direkt im Unterteil des Cases betrieben werden, wodurch ein schneller Aufbau und komfortabler Einsatz bei Live-Auftritten oder im Studio erm\u00f6glicht wird. Auf der R\u00fcckseite befindet sich ausreichend Platz f\u00fcr Kabel, sodass eine saubere Verkabelung jederzeit gew\u00e4hrleistet ist.<\/p>\n<p>Ausstattung:<br \/>\n6,8 mm Multiplex schwarz (RAL 9004)<br \/>\n22 \u00d7 22 mm Aluminiumprofile<br \/>\n4 kleine L-Ecken<br \/>\n4 Medium L-Ecken<br \/>\n4 Butterfly-Verschl\u00fcsse (Mini)<br \/>\n1 Ledergriff<br \/>\n8 kleine Stahl-Kugelecken<br \/>\n4 Gummif\u00fc\u00dfe (38 \u00d7 20 mm)<br \/>\npassgenaue Schaumstoffpolsterung f\u00fcr sicheren Halt des Ger\u00e4ts<\/p>\n<p>**Hinweis: abgebildete Ger\u00e4te dienen nur der Veranschaulichung und sind KEIN Bestandteil des Angebotes.<\/p>\n<p>Hergestellt in Deutschland<br \/>\nAu\u00dfenma\u00dfe BxTxH 856 x 595 x 189 mm<br \/>\nGewicht: 9,8 kg<\/p>\n","protected":false},"excerpt":{"rendered":"<p>Robustes und kompaktes Case f\u00fcr den Rane Performer DJ Controller. Das Ger\u00e4t kann direkt im Unterteil des Cases betrieben werden,<\/p>\n","protected":false},"featured_media":277510,"template":"","meta":{"_acf_changed":false},"product_brand":[],"product_cat":[13493],"product_tag":[],"class_list":{"0":"post-276246","1":"product","2":"type-product","3":"status-publish","4":"has-post-thumbnail","6":"product_cat-dj-equipment-cases","8":"first","9":"instock","10":"taxable","11":"shipping-taxable","12":"purchasable","13":"product-type-simple"},"acf":[],"_links":{"self":[{"href":"https:\/\/megacase.com\/de\/wp-json\/wp\/v2\/product\/276246","targetHints":{"allow":["GET"]}}],"collection":[{"href":"https:\/\/megacase.com\/de\/wp-json\/wp\/v2\/product"}],"about":[{"href":"https:\/\/megacase.com\/de\/wp-json\/wp\/v2\/types\/product"}],"wp:featuredmedia":[{"embeddable":true,"href":"https:\/\/megacase.com\/de\/wp-json\/wp\/v2\/media\/277510"}],"wp:attachment":[{"href":"https:\/\/megacase.com\/de\/wp-json\/wp\/v2\/media?parent=276246"}],"wp:term":[{"taxonomy":"product_brand","embeddable":true,"href":"https:\/\/megacase.com\/de\/wp-json\/wp\/v2\/product_brand?post=276246"},{"taxonomy":"product_cat","embeddable":true,"href":"https:\/\/megacase.com\/de\/wp-json\/wp\/v2\/product_cat?post=276246"},{"taxonomy":"product_tag","embeddable":true,"href":"https:\/\/megacase.com\/de\/wp-json\/wp\/v2\/product_tag?post=276246"}],"curies":[{"name":"wp","href":"https:\/\/api.w.org\/{rel}","templated":true}]}}