{"id":276169,"date":"2025-07-01T11:36:28","date_gmt":"2025-07-01T09:36:28","guid":{"rendered":"https:\/\/megacase.com\/?post_type=product&#038;p=276169"},"modified":"2026-03-25T16:41:58","modified_gmt":"2026-03-25T15:41:58","slug":"pedalcase-hotone-ampero-ii-gitarreneffektboard","status":"publish","type":"product","link":"https:\/\/megacase.com\/de\/produkt\/pedalcase-hotone-ampero-ii-gitarreneffektboard\/","title":{"rendered":"Pedalcase HoTone Ampero II Gitarreneffektboard"},"content":{"rendered":"<p>Kompaktes und robustes Haubencase f\u00fcr das Hotone Ampero II Gitarreneffektboard. Das Ger\u00e4t kann im Unterteil des Cases betrieben werden, sodass ein schneller Aufbau und ein komfortabler Einsatz auf B\u00fchne, im Proberaum oder im Studio m\u00f6glich ist.<\/p>\n<p>Ein 10 cm breiter Kabelkanal hinter dem Ger\u00e4t erm\u00f6glicht eine saubere und gesch\u00fctzte Kabelf\u00fchrung.<\/p>\n<p>Ausstattung:<br \/>\n6,8 mm Multiplex Phenolharz beschichtet braun<br \/>\nstabile 22 \u00d7 22 mm Aluminiumprofile<br \/>\n2 Butterfly-Verschl\u00fcsse (Mini)<br \/>\n1 Koffergriff<br \/>\n8 Stahlkugelecken klein<br \/>\n4 Gummif\u00fc\u00dfe<br \/>\npassgenaue Schaumstoffpolsterung f\u00fcr optimalen Schutz<\/p>\n<p>** abgebildete Ger\u00e4te dienen nur der Veranschaulichung und sind nicht im Lieferumfang enthalten.<\/p>\n<p>Hergestellt in Deutschland<br \/>\nAu\u00dfenma\u00dfe BxTxH 427 x 314 x 139 mm<br \/>\nGewicht: 3,5 kg<\/p>\n","protected":false},"excerpt":{"rendered":"<p>Kompaktes und robustes Haubencase f\u00fcr das Hotone Ampero II Gitarreneffektboard. Das Ger\u00e4t kann im Unterteil des Cases betrieben werden, sodass<\/p>\n","protected":false},"featured_media":277595,"template":"","meta":{"_acf_changed":false},"product_brand":[],"product_cat":[15823],"product_tag":[],"class_list":{"0":"post-276169","1":"product","2":"type-product","3":"status-publish","4":"has-post-thumbnail","6":"product_cat-pedalcase","8":"first","9":"instock","10":"taxable","11":"shipping-taxable","12":"purchasable","13":"product-type-simple"},"acf":[],"_links":{"self":[{"href":"https:\/\/megacase.com\/de\/wp-json\/wp\/v2\/product\/276169","targetHints":{"allow":["GET"]}}],"collection":[{"href":"https:\/\/megacase.com\/de\/wp-json\/wp\/v2\/product"}],"about":[{"href":"https:\/\/megacase.com\/de\/wp-json\/wp\/v2\/types\/product"}],"wp:featuredmedia":[{"embeddable":true,"href":"https:\/\/megacase.com\/de\/wp-json\/wp\/v2\/media\/277595"}],"wp:attachment":[{"href":"https:\/\/megacase.com\/de\/wp-json\/wp\/v2\/media?parent=276169"}],"wp:term":[{"taxonomy":"product_brand","embeddable":true,"href":"https:\/\/megacase.com\/de\/wp-json\/wp\/v2\/product_brand?post=276169"},{"taxonomy":"product_cat","embeddable":true,"href":"https:\/\/megacase.com\/de\/wp-json\/wp\/v2\/product_cat?post=276169"},{"taxonomy":"product_tag","embeddable":true,"href":"https:\/\/megacase.com\/de\/wp-json\/wp\/v2\/product_tag?post=276169"}],"curies":[{"name":"wp","href":"https:\/\/api.w.org\/{rel}","templated":true}]}}