{"id":276144,"date":"2025-07-01T11:17:03","date_gmt":"2025-07-01T09:17:03","guid":{"rendered":"https:\/\/megacase.com\/?post_type=product&#038;p=276144"},"modified":"2026-03-25T16:41:59","modified_gmt":"2026-03-25T15:41:59","slug":"display-multi-case-75-100-zoll-1in1-rollen","status":"publish","type":"product","link":"https:\/\/megacase.com\/de\/produkt\/display-multi-case-75-100-zoll-1in1-rollen\/","title":{"rendered":"Display Multi Case 75-100 Zoll 1in1 Rollen"},"content":{"rendered":"<p>Transportcase f\u00fcr 75\u2013100 Zoll Displays \u2013 flexibel einsetzbar<\/p>\n<p>Robustes und professionelles Transportcase f\u00fcr den sicheren Transport von Displays mit 75 bis 100 Zoll Bildschirmgr\u00f6\u00dfe. Der speziell angepasste Innenausbau mit Schaumstoffpolsterung sch\u00fctzt empfindliche Displays zuverl\u00e4ssig vor St\u00f6\u00dfen und Besch\u00e4digungen w\u00e4hrend Transport und Lagerung.<\/p>\n<p>Durch die stabile Touring-Bauweise sowie die gro\u00dfen Lenkrollen eignet sich das Case ideal f\u00fcr den Einsatz bei Veranstaltungen, im Messebau, in der Medientechnik oder im Rental-Bereich.<\/p>\n<p>Ausstattung:<br \/>\n9 mm Multiplex, farbig beschichtet<br \/>\nFarbe frei w\u00e4hlbar (bitte gew\u00fcnschte Farbe aus unserer Farbkarte w\u00e4hlen)<br \/>\nstabile 35 \u00d7 35 mm Aluminiumprofile<br \/>\n6 gro\u00dfe Butterfly-Verschl\u00fcsse<br \/>\n10 gro\u00dfe Klappgriffe<br \/>\n4 Klappgriffe (Medium)<br \/>\n4 Lenkrollen \u00d8 100 mm, gebremst<br \/>\nInnenausbau f\u00fcr den Transport eines Displays<br \/>\npassgenaue Schaumstoffpolsterung<\/p>\n<p>Hergestellt in Deutschland<br \/>\nmax. Ma\u00dfe vom Display BxTxH: 2342 x 131,6 x 115 mm<br \/>\nAu\u00dfenma\u00dfe BxTxH: ca. 2440x540x1630 mm<br \/>\nGewicht: ca. 152 kg<\/p>\n","protected":false},"excerpt":{"rendered":"<p>Transportcase f\u00fcr 75\u2013100 Zoll Displays \u2013 flexibel einsetzbar Robustes und professionelles Transportcase f\u00fcr den sicheren Transport von Displays mit 75<\/p>\n","protected":false},"featured_media":276149,"template":"","meta":{"_acf_changed":false},"product_brand":[],"product_cat":[13612],"product_tag":[],"class_list":{"0":"post-276144","1":"product","2":"type-product","3":"status-publish","4":"has-post-thumbnail","6":"product_cat-display-monitor","8":"first","9":"instock","10":"taxable","11":"shipping-taxable","12":"purchasable","13":"product-type-simple"},"acf":[],"_links":{"self":[{"href":"https:\/\/megacase.com\/de\/wp-json\/wp\/v2\/product\/276144","targetHints":{"allow":["GET"]}}],"collection":[{"href":"https:\/\/megacase.com\/de\/wp-json\/wp\/v2\/product"}],"about":[{"href":"https:\/\/megacase.com\/de\/wp-json\/wp\/v2\/types\/product"}],"wp:featuredmedia":[{"embeddable":true,"href":"https:\/\/megacase.com\/de\/wp-json\/wp\/v2\/media\/276149"}],"wp:attachment":[{"href":"https:\/\/megacase.com\/de\/wp-json\/wp\/v2\/media?parent=276144"}],"wp:term":[{"taxonomy":"product_brand","embeddable":true,"href":"https:\/\/megacase.com\/de\/wp-json\/wp\/v2\/product_brand?post=276144"},{"taxonomy":"product_cat","embeddable":true,"href":"https:\/\/megacase.com\/de\/wp-json\/wp\/v2\/product_cat?post=276144"},{"taxonomy":"product_tag","embeddable":true,"href":"https:\/\/megacase.com\/de\/wp-json\/wp\/v2\/product_tag?post=276144"}],"curies":[{"name":"wp","href":"https:\/\/api.w.org\/{rel}","templated":true}]}}