{"id":276092,"date":"2025-07-01T10:44:37","date_gmt":"2025-07-01T08:44:37","guid":{"rendered":"https:\/\/megacase.com\/?post_type=product&#038;p=276092"},"modified":"2026-03-25T16:41:59","modified_gmt":"2026-03-25T15:41:59","slug":"haubencase-db-audiotechnik-m4-monitore-2in1-rollen","status":"publish","type":"product","link":"https:\/\/megacase.com\/de\/produkt\/haubencase-db-audiotechnik-m4-monitore-2in1-rollen\/","title":{"rendered":"Haubencase d&amp;b audiotechnik M4 Monitore 2in1 Rollen"},"content":{"rendered":"<p>Robustes Haubencase f\u00fcr den sicheren Transport von 2 d&amp;b audiotechnik M4 Monitoren. Ausgestattet mit Trennwand und passgenauer Schaumstoffpolsterung, sch\u00fctzt das Case die Lautsprecher zuverl\u00e4ssig vor St\u00f6\u00dfen und Besch\u00e4digungen. Die Lenkrollen erm\u00f6glichen einen flexiblen und komfortablen Transport.<\/p>\n<p>Ausstattung:<br \/>\n6,8 mm Multiplex Phenol braun<br \/>\nstabile 30 \u00d7 30 mm Aluminiumprofile<br \/>\n4 Butterfly-Verschl\u00fcsse (Medium)<br \/>\n4 Klappgriffe (Medium)<br \/>\n8 Stahlkugelecken (Medium)<br \/>\n4 Lenkrollen \u00d8 100 mm, davon 2 gebremst<br \/>\nTrennwand f\u00fcr sicheres Verstauen der Monitore<br \/>\npassgenaue Schaumstoffpolsterung<\/p>\n<p>Hergestellt in Deutschland<br \/>\nAu\u00dfenma\u00dfe BxTxH 830x595x810 mm<br \/>\nGewicht: 32 kg<\/p>\n","protected":false},"excerpt":{"rendered":"<p>Robustes Haubencase f\u00fcr den sicheren Transport von 2 d&amp;b audiotechnik M4 Monitoren. Ausgestattet mit Trennwand und passgenauer Schaumstoffpolsterung, sch\u00fctzt das<\/p>\n","protected":false},"featured_media":276093,"template":"","meta":{"_acf_changed":false},"product_brand":[],"product_cat":[13579],"product_tag":[],"class_list":{"0":"post-276092","1":"product","2":"type-product","3":"status-publish","4":"has-post-thumbnail","6":"product_cat-audio-cases","8":"first","9":"instock","10":"taxable","11":"shipping-taxable","12":"purchasable","13":"product-type-simple"},"acf":[],"_links":{"self":[{"href":"https:\/\/megacase.com\/de\/wp-json\/wp\/v2\/product\/276092","targetHints":{"allow":["GET"]}}],"collection":[{"href":"https:\/\/megacase.com\/de\/wp-json\/wp\/v2\/product"}],"about":[{"href":"https:\/\/megacase.com\/de\/wp-json\/wp\/v2\/types\/product"}],"wp:featuredmedia":[{"embeddable":true,"href":"https:\/\/megacase.com\/de\/wp-json\/wp\/v2\/media\/276093"}],"wp:attachment":[{"href":"https:\/\/megacase.com\/de\/wp-json\/wp\/v2\/media?parent=276092"}],"wp:term":[{"taxonomy":"product_brand","embeddable":true,"href":"https:\/\/megacase.com\/de\/wp-json\/wp\/v2\/product_brand?post=276092"},{"taxonomy":"product_cat","embeddable":true,"href":"https:\/\/megacase.com\/de\/wp-json\/wp\/v2\/product_cat?post=276092"},{"taxonomy":"product_tag","embeddable":true,"href":"https:\/\/megacase.com\/de\/wp-json\/wp\/v2\/product_tag?post=276092"}],"curies":[{"name":"wp","href":"https:\/\/api.w.org\/{rel}","templated":true}]}}