{"id":276004,"date":"2025-07-01T10:19:59","date_gmt":"2025-07-01T08:19:59","guid":{"rendered":"https:\/\/megacase.com\/?post_type=product&#038;p=276004"},"modified":"2026-03-25T16:42:00","modified_gmt":"2026-03-25T15:42:00","slug":"heavy-geteiltes-haubencase-kawai-sk-7-fluegel-mit-rollen","status":"publish","type":"product","link":"https:\/\/megacase.com\/de\/produkt\/heavy-geteiltes-haubencase-kawai-sk-7-fluegel-mit-rollen\/","title":{"rendered":"Heavy geteiltes Haubencase Kawai SK-7 Fl\u00fcgel mit Rollen"},"content":{"rendered":"<p>Robustes und professionelles Haubencase in Heavy-Ausf\u00fchrung, speziell f\u00fcr den Kawai SK-7 Fl\u00fcgel. Das geteilte Design erleichtert den Transport besonders gro\u00dfer Instrumente und sorgt f\u00fcr sicheren Schutz w\u00e4hrend Transport und Lagerung. Die stabile Bauweise und hochwertige Materialien gew\u00e4hrleisten maximale Sicherheit f\u00fcr den Fl\u00fcgel.<\/p>\n<p>Ausstattung:<br \/>\n9 mm Multiplex schwarz (RAL 9004)<br \/>\nstabile 35 \u00d7 35 mm Aluminiumprofile<br \/>\n16 gro\u00dfe L-Ecken<br \/>\n20 gro\u00dfe Butterfly-Verschl\u00fcsse<br \/>\n14 gro\u00dfe Klappgriffe<br \/>\n4 Kanteneinbaugriffe<br \/>\n8 gro\u00dfe Kugelecken<br \/>\n3 Rutschleisten f\u00fcr sicheren Stand<br \/>\n6 Lenkrollen, davon 3 gebremst<br \/>\npassgenaue Schaumstoffpolsterung f\u00fcr optimalen Schutz des Instruments<\/p>\n<p>Hergestellt in Deutschland<br \/>\nAu\u00dfenma\u00dfe ca. BxTxH 2440x584x1855mm<br \/>\nGewicht ca. 160 KG<\/p>\n","protected":false},"excerpt":{"rendered":"<p>Robustes und professionelles Haubencase in Heavy-Ausf\u00fchrung, speziell f\u00fcr den Kawai SK-7 Fl\u00fcgel. Das geteilte Design erleichtert den Transport besonders gro\u00dfer<\/p>\n","protected":false},"featured_media":276009,"template":"","meta":{"_acf_changed":false},"product_brand":[],"product_cat":[15113],"product_tag":[],"class_list":{"0":"post-276004","1":"product","2":"type-product","3":"status-publish","4":"has-post-thumbnail","6":"product_cat-orchester-cases","8":"first","9":"instock","10":"taxable","11":"shipping-taxable","12":"purchasable","13":"product-type-simple"},"acf":[],"_links":{"self":[{"href":"https:\/\/megacase.com\/de\/wp-json\/wp\/v2\/product\/276004","targetHints":{"allow":["GET"]}}],"collection":[{"href":"https:\/\/megacase.com\/de\/wp-json\/wp\/v2\/product"}],"about":[{"href":"https:\/\/megacase.com\/de\/wp-json\/wp\/v2\/types\/product"}],"wp:featuredmedia":[{"embeddable":true,"href":"https:\/\/megacase.com\/de\/wp-json\/wp\/v2\/media\/276009"}],"wp:attachment":[{"href":"https:\/\/megacase.com\/de\/wp-json\/wp\/v2\/media?parent=276004"}],"wp:term":[{"taxonomy":"product_brand","embeddable":true,"href":"https:\/\/megacase.com\/de\/wp-json\/wp\/v2\/product_brand?post=276004"},{"taxonomy":"product_cat","embeddable":true,"href":"https:\/\/megacase.com\/de\/wp-json\/wp\/v2\/product_cat?post=276004"},{"taxonomy":"product_tag","embeddable":true,"href":"https:\/\/megacase.com\/de\/wp-json\/wp\/v2\/product_tag?post=276004"}],"curies":[{"name":"wp","href":"https:\/\/api.w.org\/{rel}","templated":true}]}}