{"id":275964,"date":"2025-07-01T10:05:06","date_gmt":"2025-07-01T08:05:06","guid":{"rendered":"https:\/\/megacase.com\/?post_type=product&#038;p=275964"},"modified":"2026-03-25T16:42:00","modified_gmt":"2026-03-25T15:42:00","slug":"trolley-truhencase-mit-inlay-fuer-diverse-messgeraete-gross","status":"publish","type":"product","link":"https:\/\/megacase.com\/de\/produkt\/trolley-truhencase-mit-inlay-fuer-diverse-messgeraete-gross\/","title":{"rendered":"Trolley Truhencase mit Inlay f\u00fcr diverse Messger\u00e4te gro\u00df"},"content":{"rendered":"<p>Trolley Truhencase mit Inlay f\u00fcr diverse Messger\u00e4te gro\u00df<\/p>\n<p>6,8 mm Multiplex schwarz RAL 9004<br \/>\n30&#215;30 mm Alukante<br \/>\n2 Butterfly mittel mit \u00d6se<br \/>\n2 Feststellscharnier<br \/>\n3 Klappgriff medium<br \/>\n2 Kugelecke mittel<br \/>\n4 Kugelecke mit integrierter L-Ecke mittel<br \/>\nSchaumstoffinlay<br \/>\n2 Eckeinbaurolle Skater 75 mm rechts<br \/>\n4 Plastikfu\u00df AH4946<\/p>\n<p>Au\u00dfenma\u00dfe BxTxH 900 x 490 x 238 mm<br \/>\nGewicht: 11,3 kg<br \/>\nHergestellt in Deutschland<\/p>\n","protected":false},"excerpt":{"rendered":"<p>Trolley Truhencase mit Inlay f\u00fcr diverse Messger\u00e4te gro\u00df 6,8 mm Multiplex schwarz RAL 9004 30&#215;30 mm Alukante 2 Butterfly mittel<\/p>\n","protected":false},"featured_media":275969,"template":"","meta":{"_acf_changed":false},"product_brand":[],"product_cat":[15043],"product_tag":[],"class_list":{"0":"post-275964","1":"product","2":"type-product","3":"status-publish","4":"has-post-thumbnail","6":"product_cat-uncategorized-de","8":"first","9":"instock","10":"taxable","11":"shipping-taxable","12":"purchasable","13":"product-type-simple"},"acf":[],"_links":{"self":[{"href":"https:\/\/megacase.com\/de\/wp-json\/wp\/v2\/product\/275964","targetHints":{"allow":["GET"]}}],"collection":[{"href":"https:\/\/megacase.com\/de\/wp-json\/wp\/v2\/product"}],"about":[{"href":"https:\/\/megacase.com\/de\/wp-json\/wp\/v2\/types\/product"}],"wp:featuredmedia":[{"embeddable":true,"href":"https:\/\/megacase.com\/de\/wp-json\/wp\/v2\/media\/275969"}],"wp:attachment":[{"href":"https:\/\/megacase.com\/de\/wp-json\/wp\/v2\/media?parent=275964"}],"wp:term":[{"taxonomy":"product_brand","embeddable":true,"href":"https:\/\/megacase.com\/de\/wp-json\/wp\/v2\/product_brand?post=275964"},{"taxonomy":"product_cat","embeddable":true,"href":"https:\/\/megacase.com\/de\/wp-json\/wp\/v2\/product_cat?post=275964"},{"taxonomy":"product_tag","embeddable":true,"href":"https:\/\/megacase.com\/de\/wp-json\/wp\/v2\/product_tag?post=275964"}],"curies":[{"name":"wp","href":"https:\/\/api.w.org\/{rel}","templated":true}]}}