{"id":275644,"date":"2025-06-30T12:16:50","date_gmt":"2025-06-30T10:16:50","guid":{"rendered":"https:\/\/megacase.com\/?post_type=product&#038;p=275644"},"modified":"2026-03-25T16:45:58","modified_gmt":"2026-03-25T15:45:58","slug":"truhencase-showtec-phantom-3r-hybrid-2in1-fach-rollen","status":"publish","type":"product","link":"https:\/\/megacase.com\/de\/produkt\/truhencase-showtec-phantom-3r-hybrid-2in1-fach-rollen\/","title":{"rendered":"Truhencase Showtec Phantom 3R Hybrid 2in1 Fach Rollen"},"content":{"rendered":"<p>Robustes Truhencase f\u00fcr den sicheren Transport von 2 Showtec Phantom 3R Hybrid Moving Heads.<br \/>\nDie optimierte Innenauskleidung nimmt die Ger\u00e4te sicher auf, w\u00e4hrend ein zentral gelegenes Fach zus\u00e4tzlichen Platz f\u00fcr Kabel und Klammern bietet.<br \/>\nIdeal f\u00fcr Touring, Veranstaltungs- oder Rental-Eins\u00e4tze.<\/p>\n<p>Ausstattung:<br \/>\n6,8 mm Multiplex Phenol braun<br \/>\nstabile 30 \u00d7 30 mm Aluminiumprofile<br \/>\n2 gefederte Butterfly-Verschl\u00fcsse (Medium)<br \/>\n2 gro\u00dfe Feststellscharniere<br \/>\n2 Klappgriffe (Medium)<br \/>\n8 Stahl-Kugelecken (Medium)<br \/>\n4 Lenkrollen, davon 2 gebremst<br \/>\nzentrales Fach f\u00fcr Kabel und Klammern<br \/>\npassgenaue Schaumstoffpolsterung f\u00fcr sicheren Halt der Moving Heads<\/p>\n<p>** Hinweis: Abgebildete Ger\u00e4te dienen nur der Veranschaulichung und sind KEIN Bestandteil des Angebotes.<\/p>\n<p>Au\u00dfenma\u00dfe BxTxH 755x430x740 mm<br \/>\nGewicht ca. 26,3 kg<br \/>\nHergestellt in Deutschland<\/p>\n","protected":false},"excerpt":{"rendered":"<p>Robustes Truhencase f\u00fcr den sicheren Transport von 2 Showtec Phantom 3R Hybrid Moving Heads. Die optimierte Innenauskleidung nimmt die Ger\u00e4te<\/p>\n","protected":false},"featured_media":275657,"template":"","meta":{"_acf_changed":false},"product_brand":[],"product_cat":[13627],"product_tag":[],"class_list":{"0":"post-275644","1":"product","2":"type-product","3":"status-publish","4":"has-post-thumbnail","6":"product_cat-lichtcases","8":"first","9":"instock","10":"taxable","11":"shipping-taxable","12":"purchasable","13":"product-type-simple"},"acf":[],"_links":{"self":[{"href":"https:\/\/megacase.com\/de\/wp-json\/wp\/v2\/product\/275644","targetHints":{"allow":["GET"]}}],"collection":[{"href":"https:\/\/megacase.com\/de\/wp-json\/wp\/v2\/product"}],"about":[{"href":"https:\/\/megacase.com\/de\/wp-json\/wp\/v2\/types\/product"}],"wp:featuredmedia":[{"embeddable":true,"href":"https:\/\/megacase.com\/de\/wp-json\/wp\/v2\/media\/275657"}],"wp:attachment":[{"href":"https:\/\/megacase.com\/de\/wp-json\/wp\/v2\/media?parent=275644"}],"wp:term":[{"taxonomy":"product_brand","embeddable":true,"href":"https:\/\/megacase.com\/de\/wp-json\/wp\/v2\/product_brand?post=275644"},{"taxonomy":"product_cat","embeddable":true,"href":"https:\/\/megacase.com\/de\/wp-json\/wp\/v2\/product_cat?post=275644"},{"taxonomy":"product_tag","embeddable":true,"href":"https:\/\/megacase.com\/de\/wp-json\/wp\/v2\/product_tag?post=275644"}],"curies":[{"name":"wp","href":"https:\/\/api.w.org\/{rel}","templated":true}]}}