{"id":275303,"date":"2025-06-25T12:56:19","date_gmt":"2025-06-25T10:56:19","guid":{"rendered":"https:\/\/megacase.com\/?post_type=product&#038;p=275303"},"modified":"2026-03-25T16:46:01","modified_gmt":"2026-03-25T15:46:01","slug":"profi-truhencase-sharki-fbl-4in1-mit-fach-radmulden-rollen","status":"publish","type":"product","link":"https:\/\/megacase.com\/de\/produkt\/profi-truhencase-sharki-fbl-4in1-mit-fach-radmulden-rollen\/","title":{"rendered":"Profi Truhencase Sharki FBL 4in1 mit Fach Radmulden Rollen"},"content":{"rendered":"<p>Profi Truhencase auf Rollen f\u00fcr 4x Sharki FBL SMD LED Strobe, Blinder, Fluter<br \/>\nmittig 25 cm Zubeh\u00f6rfach, unterteilt<br \/>\nFach f\u00fcr Haken und ein kleineres Fach f\u00fcr Kabel<\/p>\n<p>9 mm Multiplex schwarz RAL 9004<br \/>\n30&#215;30 mm Alukante<br \/>\n8x L-Ecke gro\u00df<br \/>\n8x Klappgriff medium<br \/>\n2x Butterfly mittel<br \/>\n2x Deckelfeststeller mittel Klick-Stop<br \/>\n4x Scharnier 6-Loch<br \/>\n8x Kugelecken gro\u00df<br \/>\n4x Radmulden<br \/>\n1x Tourlabelschale<br \/>\n4x 100mm Lenkrollen, davon 2 gebremst<br \/>\nInnenausbau<br \/>\nSchaumstoffpolsterung,<br \/>\nhergestellt in Deutschland<\/p>\n<p>Au\u00dfenma\u00dfe ca. BxTxH 1197x605x534mm<br \/>\nGewicht ca. 41,4 Kg<\/p>\n","protected":false},"excerpt":{"rendered":"<p>Profi Truhencase auf Rollen f\u00fcr 4x Sharki FBL SMD LED Strobe, Blinder, Fluter mittig 25 cm Zubeh\u00f6rfach, unterteilt Fach f\u00fcr<\/p>\n","protected":false},"featured_media":275318,"template":"","meta":{"_acf_changed":false},"product_brand":[],"product_cat":[13627],"product_tag":[],"class_list":{"0":"post-275303","1":"product","2":"type-product","3":"status-publish","4":"has-post-thumbnail","6":"product_cat-lichtcases","8":"first","9":"instock","10":"taxable","11":"shipping-taxable","12":"purchasable","13":"product-type-simple"},"acf":[],"_links":{"self":[{"href":"https:\/\/megacase.com\/de\/wp-json\/wp\/v2\/product\/275303","targetHints":{"allow":["GET"]}}],"collection":[{"href":"https:\/\/megacase.com\/de\/wp-json\/wp\/v2\/product"}],"about":[{"href":"https:\/\/megacase.com\/de\/wp-json\/wp\/v2\/types\/product"}],"wp:featuredmedia":[{"embeddable":true,"href":"https:\/\/megacase.com\/de\/wp-json\/wp\/v2\/media\/275318"}],"wp:attachment":[{"href":"https:\/\/megacase.com\/de\/wp-json\/wp\/v2\/media?parent=275303"}],"wp:term":[{"taxonomy":"product_brand","embeddable":true,"href":"https:\/\/megacase.com\/de\/wp-json\/wp\/v2\/product_brand?post=275303"},{"taxonomy":"product_cat","embeddable":true,"href":"https:\/\/megacase.com\/de\/wp-json\/wp\/v2\/product_cat?post=275303"},{"taxonomy":"product_tag","embeddable":true,"href":"https:\/\/megacase.com\/de\/wp-json\/wp\/v2\/product_tag?post=275303"}],"curies":[{"name":"wp","href":"https:\/\/api.w.org\/{rel}","templated":true}]}}