{"id":275157,"date":"2025-06-25T12:05:22","date_gmt":"2025-06-25T10:05:22","guid":{"rendered":"https:\/\/megacase.com\/?post_type=product&#038;p=275157"},"modified":"2026-03-25T16:46:01","modified_gmt":"2026-03-25T15:46:01","slug":"workstation-office-case-schwarz-mit-abnehmbaren-deckeln","status":"publish","type":"product","link":"https:\/\/megacase.com\/de\/produkt\/workstation-office-case-schwarz-mit-abnehmbaren-deckeln\/","title":{"rendered":"Workstation Office Case schwarz mit abnehmbaren Deckeln"},"content":{"rendered":"<p>Mobiler Arbeitsplatz \/ Office Case \/ Touring Workstation mit Stauraum und optionalem 19&#8243; Rack<\/p>\n<p>Robuster, mobiler Arbeitsplatz f\u00fcr professionelle Anwendungen im Veranstaltungs-, Produktions- und Technikbereich. Durch die abnehmbaren Deckel vorne und oben ist ein schneller Zugriff auf die Arbeitsfl\u00e4che m\u00f6glich. Eine seitliche Serviceklappe erm\u00f6glicht eine komfortable Kabelzuf\u00fchrung.<\/p>\n<p>Die gro\u00dfz\u00fcgige Arbeitsplatte bietet ausreichend Platz f\u00fcr Technik, Laptop oder Werkzeuge. Mehrere Ablagef\u00e4cher und Schubladen sorgen f\u00fcr eine \u00fcbersichtliche Organisation von Zubeh\u00f6r und Equipment.<\/p>\n<p>Ausstattung und Aufbau<br \/>\n&#8211; Arbeitsplatte auf der Oberseite<br \/>\n&#8211; Deckel vorne und oben abnehmbar<br \/>\n&#8211; seitliche Serviceklappe zur Kabelzuf\u00fchrung<br \/>\n&#8211; Kabeldurchlass in der Arbeitsplatte<br \/>\n&#8211; zus\u00e4tzlicher seitlicher Kabeldurchlass<br \/>\n&#8211; Stauraum<br \/>\n&#8211; linkes Ablagefach<br \/>\n&#8211; darunter 2 Schubladen mit Innenma\u00df ca. 324 \u00d7 525 \u00d7 206 mm (B \u00d7 T \u00d7 H)<br \/>\n&#8211; rechtes Ablagefach<br \/>\n&#8211; darunter weiteres Ablagefach, optional als 19&#8243; Rackspace nutzbar (Rackschienen lose mitgeliefert)<\/p>\n<p>Ausstattung:<br \/>\n9 mm Multiplex schwarz beschichtet RAL 9004<br \/>\n35 \u00d7 35 mm Aluminiumprofile mit Nietrille<br \/>\n8 Butterfly-Verschl\u00fcsse (Medium)<br \/>\n8 gro\u00dfe Klappgriffe<br \/>\n8 gro\u00dfe Kugelecken<br \/>\n2 Deckelscharniere (Medium) in Schale mit Klick-Stop<br \/>\n2 Gasdruckfedern<br \/>\n4 Lenkrollen, davon 2 gebremst<\/p>\n<p>hergestellt in Deutschland<br \/>\nAu\u00dfenma\u00dfe ca. BxTxH: 1200 x 755 x 930 mm<br \/>\nGewicht 88,8kg, <\/p>\n","protected":false},"excerpt":{"rendered":"<p>Mobiler Arbeitsplatz \/ Office Case \/ Touring Workstation mit Stauraum und optionalem 19&#8243; Rack Robuster, mobiler Arbeitsplatz f\u00fcr professionelle Anwendungen<\/p>\n","protected":false},"featured_media":275180,"template":"","meta":{"_acf_changed":false},"product_brand":[],"product_cat":[16384],"product_tag":[],"class_list":{"0":"post-275157","1":"product","2":"type-product","3":"status-publish","4":"has-post-thumbnail","6":"product_cat-office-cases","8":"first","9":"instock","10":"taxable","11":"shipping-taxable","12":"purchasable","13":"product-type-simple"},"acf":[],"_links":{"self":[{"href":"https:\/\/megacase.com\/de\/wp-json\/wp\/v2\/product\/275157","targetHints":{"allow":["GET"]}}],"collection":[{"href":"https:\/\/megacase.com\/de\/wp-json\/wp\/v2\/product"}],"about":[{"href":"https:\/\/megacase.com\/de\/wp-json\/wp\/v2\/types\/product"}],"wp:featuredmedia":[{"embeddable":true,"href":"https:\/\/megacase.com\/de\/wp-json\/wp\/v2\/media\/275180"}],"wp:attachment":[{"href":"https:\/\/megacase.com\/de\/wp-json\/wp\/v2\/media?parent=275157"}],"wp:term":[{"taxonomy":"product_brand","embeddable":true,"href":"https:\/\/megacase.com\/de\/wp-json\/wp\/v2\/product_brand?post=275157"},{"taxonomy":"product_cat","embeddable":true,"href":"https:\/\/megacase.com\/de\/wp-json\/wp\/v2\/product_cat?post=275157"},{"taxonomy":"product_tag","embeddable":true,"href":"https:\/\/megacase.com\/de\/wp-json\/wp\/v2\/product_tag?post=275157"}],"curies":[{"name":"wp","href":"https:\/\/api.w.org\/{rel}","templated":true}]}}