{"id":274923,"date":"2025-06-25T11:04:31","date_gmt":"2025-06-25T09:04:31","guid":{"rendered":"https:\/\/megacase.com\/?post_type=product&#038;p=274923"},"modified":"2026-03-25T16:46:03","modified_gmt":"2026-03-25T15:46:03","slug":"premium-flip-case-behringer-wing-compact-wanne-1he","status":"publish","type":"product","link":"https:\/\/megacase.com\/de\/produkt\/premium-flip-case-behringer-wing-compact-wanne-1he\/","title":{"rendered":"Premium Flip Case Behringer Wing Compact + Wanne + 1HE"},"content":{"rendered":"<p>Premium Flip Case f\u00fcr Behringer WING Compact \u2013 mit Wanne und 1 HE Rackspace<\/p>\n<p>Hochwertiges Premium-Flipcase, speziell entwickelt f\u00fcr das Behringer WING Compact Digitalmischpult. Das Case verf\u00fcgt \u00fcber eine abnehmbare Mischpultwanne sowie 1 HE Rackspace unter dem Pult und bietet damit optimale Voraussetzungen f\u00fcr den professionellen Einsatz auf Tour, B\u00fchne oder im Verleih.<\/p>\n<p>Durch die robuste Bauweise, hochwertige Beschl\u00e4ge und den durchdachten Innenausbau gew\u00e4hrleistet das Case maximalen Schutz sowie komfortables Handling.<\/p>\n<p>Ausstattung:<br \/>\n9 mm Multiplex schwarz RAL 9004<br \/>\nstabile 35 \u00d7 35 mm Aluminiumprofile<br \/>\n10 gro\u00dfe L-Ecken<br \/>\n4 gro\u00dfe Butterfly-Verschl\u00fcsse<br \/>\n8 gro\u00dfe Klappgriffe<br \/>\n1 Heavy-Duty L-Scharnier<br \/>\n3 6-Loch-Scharniere<br \/>\n2 Kanteneinbaugriffe<br \/>\n1 Tour-Labelschale<br \/>\n8 gro\u00dfe gestufte Kugelecken<br \/>\n4 Lenkrollen, davon 2 gebremst<\/p>\n<p>abnehmbare Mischpultwanne<br \/>\n1 HE Rackspace unter dem Mischpult<br \/>\nintegrierter Monitorhalter (ABT9144 \/ Art.-Nr. 610673)<br \/>\nVorbereitung f\u00fcr the t.racks Power 3 USB<br \/>\nVorbereitung f\u00fcr Kopfh\u00f6rerhalter wie Thon Rack Kopfh\u00f6rer Halterung oder K&amp;M 49302 Kopfh\u00f6rerhalter<br \/>\npassgenaue Schaumstoffpolsterung f\u00fcr optimalen Schutz<\/p>\n<p>** Hinweis: abgebildete Ger\u00e4te dienen nur der Veranschaulichung und sind KEIN Bestandteil des Angebotes.<\/p>\n<p>Hergestellt in Deutschland<br \/>\nAu\u00dfenma\u00dfe ca BxTxH 755x545x970mm<br \/>\nGewicht ca. 63 Kg<\/p>\n","protected":false},"excerpt":{"rendered":"<p>Premium Flip Case f\u00fcr Behringer WING Compact \u2013 mit Wanne und 1 HE Rackspace Hochwertiges Premium-Flipcase, speziell entwickelt f\u00fcr das<\/p>\n","protected":false},"featured_media":275017,"template":"","meta":{"_acf_changed":false},"product_brand":[],"product_cat":[13495],"product_tag":[16474],"class_list":{"0":"post-274923","1":"product","2":"type-product","3":"status-publish","4":"has-post-thumbnail","6":"product_cat-mischpult-cases","7":"product_tag-wing-compact","9":"first","10":"instock","11":"taxable","12":"shipping-taxable","13":"purchasable","14":"product-type-simple"},"acf":[],"_links":{"self":[{"href":"https:\/\/megacase.com\/de\/wp-json\/wp\/v2\/product\/274923","targetHints":{"allow":["GET"]}}],"collection":[{"href":"https:\/\/megacase.com\/de\/wp-json\/wp\/v2\/product"}],"about":[{"href":"https:\/\/megacase.com\/de\/wp-json\/wp\/v2\/types\/product"}],"wp:featuredmedia":[{"embeddable":true,"href":"https:\/\/megacase.com\/de\/wp-json\/wp\/v2\/media\/275017"}],"wp:attachment":[{"href":"https:\/\/megacase.com\/de\/wp-json\/wp\/v2\/media?parent=274923"}],"wp:term":[{"taxonomy":"product_brand","embeddable":true,"href":"https:\/\/megacase.com\/de\/wp-json\/wp\/v2\/product_brand?post=274923"},{"taxonomy":"product_cat","embeddable":true,"href":"https:\/\/megacase.com\/de\/wp-json\/wp\/v2\/product_cat?post=274923"},{"taxonomy":"product_tag","embeddable":true,"href":"https:\/\/megacase.com\/de\/wp-json\/wp\/v2\/product_tag?post=274923"}],"curies":[{"name":"wp","href":"https:\/\/api.w.org\/{rel}","templated":true}]}}