{"id":272307,"date":"2025-01-07T13:34:48","date_gmt":"2025-01-07T12:34:48","guid":{"rendered":"https:\/\/megacase.com\/?post_type=product&#038;p=272307"},"modified":"2026-03-25T16:46:04","modified_gmt":"2026-03-25T15:46:04","slug":"flip-case-behringer-wing-compact-wanne-bk","status":"publish","type":"product","link":"https:\/\/megacase.com\/de\/produkt\/flip-case-behringer-wing-compact-wanne-bk\/","title":{"rendered":"Flip Case Behringer Wing Compact +Wanne bk"},"content":{"rendered":"<p>9 mm Multiplex schwarz RAL 9004,<br \/>\n35\/35 Alukante,<br \/>\n8 L-Ecke gro\u00df,<br \/>\n4 Butterfly gro\u00df (VER17251S),<br \/>\n8 Klappgriff gro\u00df,<br \/>\n1 L-Scharnier heavy,<br \/>\n3 Scharnier 6-Loch<br \/>\n2 Kanteneinbaugriff,<br \/>\n1 Tourlabelschale,<br \/>\n8 Kugelecke gro\u00df gestuft,<br \/>\n4 Lenkrolle, davon 2 gebremst,<br \/>\n1 Rollbrett 730 x 520 mm,<br \/>\n4 Gummifu\u00df 38&#215;10 mm<br \/>\nRackschienen mit Gummikeder,<br \/>\nInnenausbau,<br \/>\nSchaumstoff<\/p>\n","protected":false},"excerpt":{"rendered":"<p>9 mm Multiplex schwarz RAL 9004, 35\/35 Alukante, 8 L-Ecke gro\u00df, 4 Butterfly gro\u00df (VER17251S), 8 Klappgriff gro\u00df, 1 L-Scharnier<\/p>\n","protected":false},"featured_media":272309,"template":"","meta":{"_acf_changed":false},"product_brand":[],"product_cat":[13495],"product_tag":[16474],"class_list":{"0":"post-272307","1":"product","2":"type-product","3":"status-publish","4":"has-post-thumbnail","6":"product_cat-mischpult-cases","7":"product_tag-wing-compact","9":"first","10":"instock","11":"taxable","12":"shipping-taxable","13":"purchasable","14":"product-type-simple"},"acf":[],"_links":{"self":[{"href":"https:\/\/megacase.com\/de\/wp-json\/wp\/v2\/product\/272307","targetHints":{"allow":["GET"]}}],"collection":[{"href":"https:\/\/megacase.com\/de\/wp-json\/wp\/v2\/product"}],"about":[{"href":"https:\/\/megacase.com\/de\/wp-json\/wp\/v2\/types\/product"}],"wp:featuredmedia":[{"embeddable":true,"href":"https:\/\/megacase.com\/de\/wp-json\/wp\/v2\/media\/272309"}],"wp:attachment":[{"href":"https:\/\/megacase.com\/de\/wp-json\/wp\/v2\/media?parent=272307"}],"wp:term":[{"taxonomy":"product_brand","embeddable":true,"href":"https:\/\/megacase.com\/de\/wp-json\/wp\/v2\/product_brand?post=272307"},{"taxonomy":"product_cat","embeddable":true,"href":"https:\/\/megacase.com\/de\/wp-json\/wp\/v2\/product_cat?post=272307"},{"taxonomy":"product_tag","embeddable":true,"href":"https:\/\/megacase.com\/de\/wp-json\/wp\/v2\/product_tag?post=272307"}],"curies":[{"name":"wp","href":"https:\/\/api.w.org\/{rel}","templated":true}]}}