{"id":270766,"date":"2024-11-06T09:28:53","date_gmt":"2024-11-06T08:28:53","guid":{"rendered":"https:\/\/megacase.com\/?post_type=product&#038;p=270766"},"modified":"2026-03-25T16:46:09","modified_gmt":"2026-03-25T15:46:09","slug":"premium-flip-case-digico-sd8-bk","status":"publish","type":"product","link":"https:\/\/megacase.com\/de\/produkt\/premium-flip-case-digico-sd8-bk\/","title":{"rendered":"Premium Flip Case DigiCo SD8  bk"},"content":{"rendered":"<p>Heavy Flip Case schwarz auf Rollen (2 gebremst) mit Seitenwangen-Einfassungen f\u00fcr ein DigiCo SD8;<br \/>\nDas Mischpult kann f\u00fcr den Transport u. Event im Case bleiben.<br \/>\n2 seitliche Aufnahmen f\u00fcr Monitoradapter Artikel: 9144<br \/>\n1 Monitoradapter inklusive<br \/>\naus 9 mm Multiplex beschichtet<br \/>\nFarbe: schwarz<br \/>\n35&#215;35 mm Alukante<br \/>\n6 Butterfly Verschl\u00fcsse gro\u00df<br \/>\n8 Klappgriff gro\u00df<br \/>\n12 L-Ecken gro\u00df<br \/>\n2 Kanteneinbaugriffe<br \/>\n8 Kugelecke gro\u00df<br \/>\n1 Einbauschale Tourlabel<br \/>\n3 Scharnier schwer 80&#215;120 mm<br \/>\n2 Riegelverschluss (Frontf\u00e4cher)<br \/>\n6 Anschraubscharnier silber<br \/>\n4 Lenkrollen 100 mm davon sind 2 gebremst<br \/>\nSchaumstoffpolsterung<br \/>\ngefilzte Leisten<br \/>\n2 Seitenwangen passend f\u00fcr DigiCo SD8<br \/>\nSicherungsschraube<br \/>\n2 Kabeldurchlasse im Dockhouse<br \/>\n4 Fr\u00e4sungen f\u00fcr Kabeldurchl\u00e4sse<br \/>\n2 Gasdruckfedern<br \/>\n6 Dockhouseverschl\u00fcsse davon ist einer abschlie\u00dfbar<br \/>\nAu\u00dfenma\u00dfe BxTxH 1615 x 600 x 1210 mm<br \/>\nGewicht: 121 kg<br \/>\nhergestellt in Deutschland<\/p>\n","protected":false},"excerpt":{"rendered":"<p>Heavy Flip Case schwarz auf Rollen (2 gebremst) mit Seitenwangen-Einfassungen f\u00fcr ein DigiCo SD8; Das Mischpult kann f\u00fcr den Transport<\/p>\n","protected":false},"featured_media":270823,"template":"","meta":{"_acf_changed":false},"product_brand":[],"product_cat":[13495],"product_tag":[],"class_list":{"0":"post-270766","1":"product","2":"type-product","3":"status-publish","4":"has-post-thumbnail","6":"product_cat-mischpult-cases","8":"first","9":"instock","10":"taxable","11":"shipping-taxable","12":"purchasable","13":"product-type-simple"},"acf":[],"_links":{"self":[{"href":"https:\/\/megacase.com\/de\/wp-json\/wp\/v2\/product\/270766","targetHints":{"allow":["GET"]}}],"collection":[{"href":"https:\/\/megacase.com\/de\/wp-json\/wp\/v2\/product"}],"about":[{"href":"https:\/\/megacase.com\/de\/wp-json\/wp\/v2\/types\/product"}],"wp:featuredmedia":[{"embeddable":true,"href":"https:\/\/megacase.com\/de\/wp-json\/wp\/v2\/media\/270823"}],"wp:attachment":[{"href":"https:\/\/megacase.com\/de\/wp-json\/wp\/v2\/media?parent=270766"}],"wp:term":[{"taxonomy":"product_brand","embeddable":true,"href":"https:\/\/megacase.com\/de\/wp-json\/wp\/v2\/product_brand?post=270766"},{"taxonomy":"product_cat","embeddable":true,"href":"https:\/\/megacase.com\/de\/wp-json\/wp\/v2\/product_cat?post=270766"},{"taxonomy":"product_tag","embeddable":true,"href":"https:\/\/megacase.com\/de\/wp-json\/wp\/v2\/product_tag?post=270766"}],"curies":[{"name":"wp","href":"https:\/\/api.w.org\/{rel}","templated":true}]}}