{"id":270357,"date":"2024-11-03T12:36:35","date_gmt":"2024-11-03T11:36:35","guid":{"rendered":"https:\/\/megacase.com\/?post_type=product&#038;p=270357"},"modified":"2025-12-02T14:51:36","modified_gmt":"2025-12-02T13:51:36","slug":"jaegermeister-koffer","status":"publish","type":"product","link":"https:\/\/megacase.com\/de\/produkt\/jaegermeister-koffer\/","title":{"rendered":"J\u00e4germeister Koffer"},"content":{"rendered":"<p>Koffercase f\u00fcr eine Flasche J\u00e4germeister (0,7 Liter)<br \/>\nund 4 Dosen Energie Drink (0,25 Liter) &#8211; nicht im Lieferumfang enthalten<br \/>\ninkl. 2 Gl\u00e4sern,<br \/>\nKoffer,<br \/>\n6,8 mm Multiplex Phenol schwarz,<br \/>\n22\/22 Alukante,<br \/>\n2 Clipschl\u00f6sser ,<br \/>\n1 Koffergriff verchromt,<br \/>\n2 Feststellscharnier gro\u00df,<br \/>\n4 Kugelecke klein,<br \/>\n4 Kugelecke klein L-Ecke,<br \/>\n2 Gl\u00e4ser,<br \/>\nSchaumstoff,<br \/>\nHergestellt in Deutschland<br \/>\nAu\u00dfenma\u00dfe BxHxT 476 x 365 x 156 mm<br \/>\nGewicht ca.: 5,2 kg<br \/>\nAchtung: Die Getr\u00e4nke sind nicht im Angebot und Lieferumfang enthalten<\/p>\n<p>&nbsp;<\/p>\n","protected":false},"excerpt":{"rendered":"<p>Koffercase f\u00fcr eine Flasche J\u00e4germeister (0,7 Liter) und 4 Dosen Energie Drink (0,25 Liter) &#8211; nicht im Lieferumfang enthalten inkl.<\/p>\n","protected":false},"featured_media":270748,"template":"","meta":{"_acf_changed":false},"product_brand":[],"product_cat":[15370],"product_tag":[16443],"class_list":{"0":"post-270357","1":"product","2":"type-product","3":"status-publish","4":"has-post-thumbnail","6":"product_cat-fun-cases","7":"product_tag-blackfriday-fr-2","9":"first","10":"instock","11":"taxable","12":"shipping-taxable","13":"purchasable","14":"product-type-simple"},"acf":[],"_links":{"self":[{"href":"https:\/\/megacase.com\/de\/wp-json\/wp\/v2\/product\/270357","targetHints":{"allow":["GET"]}}],"collection":[{"href":"https:\/\/megacase.com\/de\/wp-json\/wp\/v2\/product"}],"about":[{"href":"https:\/\/megacase.com\/de\/wp-json\/wp\/v2\/types\/product"}],"wp:featuredmedia":[{"embeddable":true,"href":"https:\/\/megacase.com\/de\/wp-json\/wp\/v2\/media\/270748"}],"wp:attachment":[{"href":"https:\/\/megacase.com\/de\/wp-json\/wp\/v2\/media?parent=270357"}],"wp:term":[{"taxonomy":"product_brand","embeddable":true,"href":"https:\/\/megacase.com\/de\/wp-json\/wp\/v2\/product_brand?post=270357"},{"taxonomy":"product_cat","embeddable":true,"href":"https:\/\/megacase.com\/de\/wp-json\/wp\/v2\/product_cat?post=270357"},{"taxonomy":"product_tag","embeddable":true,"href":"https:\/\/megacase.com\/de\/wp-json\/wp\/v2\/product_tag?post=270357"}],"curies":[{"name":"wp","href":"https:\/\/api.w.org\/{rel}","templated":true}]}}