{"id":269788,"date":"2024-10-24T11:55:36","date_gmt":"2024-10-24T09:55:36","guid":{"rendered":"https:\/\/megacase.com\/?post_type=product&#038;p=269788"},"modified":"2026-03-25T16:46:12","modified_gmt":"2026-03-25T15:46:12","slug":"megaflex-2u-modulrack-45-rsh","status":"publish","type":"product","link":"https:\/\/megacase.com\/de\/produkt\/megaflex-2u-modulrack-45-rsh\/","title":{"rendered":"Megaflex 2U Modulrack 45 RSH"},"content":{"rendered":"<p>2HE Modul-Rack bestehend aus<br \/>\n15mm Birkenmultiplex-Holz ged\u00fcbelt und verleimt<br \/>\nschwarz lackiert mit einem strapazierf\u00e4higem Strukturlack<br \/>\nKabeldurchf\u00fchrung hinten<br \/>\nflache Gummif\u00fc\u00dfe am Boden<br \/>\nstapelbar durch gefr\u00e4ste Mulden f\u00fcr Gummif\u00fc\u00dfe oben<br \/>\npassend f\u00fcr Kabeltruhe Megaflex (Art.Nr. <a href=\"https:\/\/megacase.com\/de\/produkt\/kabeltruhe-megaflex-60-rollen-gebremst\/\">243748<\/a>\/<a href=\"https:\/\/megacase.com\/de\/produkt\/kabeltruhe-megaflex-80-rollen-gebremst\/\">168190<\/a>\/<a href=\"https:\/\/megacase.com\/de\/produkt\/megaflex-roadcase-90-bk-wheel\/\">302759<\/a>\/<a href=\"https:\/\/megacase.com\/de\/produkt\/kabeltruhe-megaflex-120-schwarz-rollen-gebremst\/\">168189<\/a>)<br \/>\npassend f\u00fcr Haubencase Megaflex (Art.Nr. 224994\/224991)<br \/>\nseitliche Griffmulden gefr\u00e4st<br \/>\nstufenlose Rackschiene vorne und hinten<br \/>\ninkl. Schraubensatz<br \/>\nAu\u00dfenma\u00dfe BxTxH ca. 535 x 580 x 132 mm<br \/>\nGewicht: ca. 7 kg<\/p>\n","protected":false},"excerpt":{"rendered":"<p>2HE Modul-Rack bestehend aus 15mm Birkenmultiplex-Holz ged\u00fcbelt und verleimt schwarz lackiert mit einem strapazierf\u00e4higem Strukturlack Kabeldurchf\u00fchrung hinten flache Gummif\u00fc\u00dfe am<\/p>\n","protected":false},"featured_media":269809,"template":"","meta":{"_acf_changed":false},"product_brand":[],"product_cat":[16435],"product_tag":[14710,14778],"class_list":{"0":"post-269788","1":"product","2":"type-product","3":"status-publish","4":"has-post-thumbnail","6":"product_cat-modul-rack","7":"product_tag-megaflex","8":"product_tag-modul","10":"first","11":"instock","12":"taxable","13":"shipping-taxable","14":"purchasable","15":"product-type-simple"},"acf":[],"_links":{"self":[{"href":"https:\/\/megacase.com\/de\/wp-json\/wp\/v2\/product\/269788","targetHints":{"allow":["GET"]}}],"collection":[{"href":"https:\/\/megacase.com\/de\/wp-json\/wp\/v2\/product"}],"about":[{"href":"https:\/\/megacase.com\/de\/wp-json\/wp\/v2\/types\/product"}],"wp:featuredmedia":[{"embeddable":true,"href":"https:\/\/megacase.com\/de\/wp-json\/wp\/v2\/media\/269809"}],"wp:attachment":[{"href":"https:\/\/megacase.com\/de\/wp-json\/wp\/v2\/media?parent=269788"}],"wp:term":[{"taxonomy":"product_brand","embeddable":true,"href":"https:\/\/megacase.com\/de\/wp-json\/wp\/v2\/product_brand?post=269788"},{"taxonomy":"product_cat","embeddable":true,"href":"https:\/\/megacase.com\/de\/wp-json\/wp\/v2\/product_cat?post=269788"},{"taxonomy":"product_tag","embeddable":true,"href":"https:\/\/megacase.com\/de\/wp-json\/wp\/v2\/product_tag?post=269788"}],"curies":[{"name":"wp","href":"https:\/\/api.w.org\/{rel}","templated":true}]}}