{"id":267817,"date":"2024-07-10T13:00:14","date_gmt":"2024-07-10T11:00:14","guid":{"rendered":"https:\/\/megacase.com\/?post_type=product&#038;p=267817"},"modified":"2026-03-25T16:46:13","modified_gmt":"2026-03-25T15:46:13","slug":"winkelcase-grandma2-on-pc-commandwing-fw-mb-24-rg-bk","status":"publish","type":"product","link":"https:\/\/megacase.com\/de\/produkt\/winkelcase-grandma2-on-pc-commandwing-fw-mb-24-rg-bk\/","title":{"rendered":"Winkelcase GrandMA2 on PC Commandwing + FW  MB 24&#8243;  RG bk"},"content":{"rendered":"<p>Winkel Case passend f\u00fcr ein GrandMA2 on PC Commandwing mit Faderwing<br \/>\nMonitorbr\u00fccke f\u00fcr 2&#215;24&#8243; Bildschirm max.520mm<br \/>\n6,8 mm Multiplex PVC beschichtet<br \/>\nFarbe: schwarz RAL9004<br \/>\n30 x 30 Alukante<br \/>\n12 L-Ecken mittel<br \/>\n9 Klappgriffe mittel<br \/>\n8 Butterfly-Verschl\u00fcsse mittel<br \/>\n8 Kugelecken mittel<br \/>\n2 Rutschleisten 18mm<br \/>\n4 Lenkrollen davon 2 gebremst<br \/>\nFacheinteilung<br \/>\nSchaumstoffpolsterung<br \/>\nHergestellt in Deutschland<\/p>\n","protected":false},"excerpt":{"rendered":"<p>Winkel Case passend f\u00fcr ein GrandMA2 on PC Commandwing mit Faderwing Monitorbr\u00fccke f\u00fcr 2&#215;24&#8243; Bildschirm max.520mm 6,8 mm Multiplex PVC<\/p>\n","protected":false},"featured_media":268378,"template":"","meta":{"_acf_changed":false},"product_brand":[],"product_cat":[13495,13572],"product_tag":[14874],"class_list":{"0":"post-267817","1":"product","2":"type-product","3":"status-publish","4":"has-post-thumbnail","6":"product_cat-mischpult-cases","7":"product_cat-ma-lighting","8":"product_tag-m-a-lighting","10":"first","11":"instock","12":"taxable","13":"shipping-taxable","14":"purchasable","15":"product-type-simple"},"acf":[],"_links":{"self":[{"href":"https:\/\/megacase.com\/de\/wp-json\/wp\/v2\/product\/267817","targetHints":{"allow":["GET"]}}],"collection":[{"href":"https:\/\/megacase.com\/de\/wp-json\/wp\/v2\/product"}],"about":[{"href":"https:\/\/megacase.com\/de\/wp-json\/wp\/v2\/types\/product"}],"wp:featuredmedia":[{"embeddable":true,"href":"https:\/\/megacase.com\/de\/wp-json\/wp\/v2\/media\/268378"}],"wp:attachment":[{"href":"https:\/\/megacase.com\/de\/wp-json\/wp\/v2\/media?parent=267817"}],"wp:term":[{"taxonomy":"product_brand","embeddable":true,"href":"https:\/\/megacase.com\/de\/wp-json\/wp\/v2\/product_brand?post=267817"},{"taxonomy":"product_cat","embeddable":true,"href":"https:\/\/megacase.com\/de\/wp-json\/wp\/v2\/product_cat?post=267817"},{"taxonomy":"product_tag","embeddable":true,"href":"https:\/\/megacase.com\/de\/wp-json\/wp\/v2\/product_tag?post=267817"}],"curies":[{"name":"wp","href":"https:\/\/api.w.org\/{rel}","templated":true}]}}