{"id":266837,"date":"2024-05-28T09:58:22","date_gmt":"2024-05-28T07:58:22","guid":{"rendered":"https:\/\/megacase.com\/?post_type=product&#038;p=266837"},"modified":"2026-03-25T16:46:15","modified_gmt":"2026-03-25T15:46:15","slug":"pedalcase-fractal-fm9-kk","status":"publish","type":"product","link":"https:\/\/megacase.com\/de\/produkt\/pedalcase-fractal-fm9-kk\/","title":{"rendered":"Pedalcase Fractal FM9 + KK"},"content":{"rendered":"<p>Haubencase \/ Pedalcase f\u00fcr Fractal FM9<\/p>\n<p>Passendes Haubencase f\u00fcr das Fractal FM9, ausgef\u00fchrt als Pedalcase.<\/p>\n<p>Auf der R\u00fcckseite befindet sich ein 90 mm gro\u00dfer Freiraum f\u00fcr Kabel,<br \/>\nsodass alle Anschl\u00fcsse frei zug\u00e4nglich bleiben.<\/p>\n<p>Das Case ist mit passender Schaumstoffpolsterung ausgestattet,<br \/>\num das Ger\u00e4t sicher zu fixieren und optimal zu sch\u00fctzen.<br \/>\nDas Fractal FM9 kann im Unterteil des Cases direkt bedient werden.<\/p>\n<p>6,8 mm Multiplex Phenol braun<br \/>\n22 x 22 mm Aluminiumprofil<br \/>\n4 L-Ecke medium<br \/>\n2 Butterfly-Verschl\u00fcsse mini<br \/>\n1 Ledergriff<br \/>\n8 Stahlkugelecken klein<br \/>\n4 Gummif\u00fc\u00dfe <\/p>\n<p>hergestellt in Deutschland<br \/>\nAu\u00dfenma\u00dfe BxTxH: ca. 580 x 417 x 160 mm<br \/>\nGewicht: ca. 5 kg<\/p>\n","protected":false},"excerpt":{"rendered":"<p>Haubencase \/ Pedalcase f\u00fcr Fractal FM9 Passendes Haubencase f\u00fcr das Fractal FM9, ausgef\u00fchrt als Pedalcase. Auf der R\u00fcckseite befindet sich<\/p>\n","protected":false},"featured_media":266878,"template":"","meta":{"_acf_changed":false},"product_brand":[],"product_cat":[15823],"product_tag":[],"class_list":{"0":"post-266837","1":"product","2":"type-product","3":"status-publish","4":"has-post-thumbnail","6":"product_cat-pedalcase","8":"first","9":"instock","10":"taxable","11":"shipping-taxable","12":"purchasable","13":"product-type-simple"},"acf":[],"_links":{"self":[{"href":"https:\/\/megacase.com\/de\/wp-json\/wp\/v2\/product\/266837","targetHints":{"allow":["GET"]}}],"collection":[{"href":"https:\/\/megacase.com\/de\/wp-json\/wp\/v2\/product"}],"about":[{"href":"https:\/\/megacase.com\/de\/wp-json\/wp\/v2\/types\/product"}],"wp:featuredmedia":[{"embeddable":true,"href":"https:\/\/megacase.com\/de\/wp-json\/wp\/v2\/media\/266878"}],"wp:attachment":[{"href":"https:\/\/megacase.com\/de\/wp-json\/wp\/v2\/media?parent=266837"}],"wp:term":[{"taxonomy":"product_brand","embeddable":true,"href":"https:\/\/megacase.com\/de\/wp-json\/wp\/v2\/product_brand?post=266837"},{"taxonomy":"product_cat","embeddable":true,"href":"https:\/\/megacase.com\/de\/wp-json\/wp\/v2\/product_cat?post=266837"},{"taxonomy":"product_tag","embeddable":true,"href":"https:\/\/megacase.com\/de\/wp-json\/wp\/v2\/product_tag?post=266837"}],"curies":[{"name":"wp","href":"https:\/\/api.w.org\/{rel}","templated":true}]}}