{"id":266412,"date":"2024-05-02T08:55:17","date_gmt":"2024-05-02T06:55:17","guid":{"rendered":"https:\/\/megacase.com\/?post_type=product&#038;p=266412"},"modified":"2026-03-25T16:46:16","modified_gmt":"2026-03-25T15:46:16","slug":"flip-down-case-midas-m32-live","status":"publish","type":"product","link":"https:\/\/megacase.com\/de\/produkt\/flip-down-case-midas-m32-live\/","title":{"rendered":"Flip Down Case Midas M32 Live"},"content":{"rendered":"<p>Premium Flip-Case schwarz mit Seitenwangen-Einfassungen f\u00fcr ein Midas M32;<br \/>\nNach dem \u00d6ffnen wird das Mischpult (kann im Case fixiert und montiert stehen bleiben) mit Hilfe von Gasdruckfedern sanft in der Arbeitsposition gehoben.<br \/>\naus 9 mm Multiplex Holz,<br \/>\nFarbe Schwarz;<br \/>\n35&#215;35 mm Alukante,<br \/>\n4 Butterfly Verschl\u00fcsse gro\u00df<br \/>\n8 Klappgriff gro\u00df,<br \/>\n12 L-Ecken gro\u00df<br \/>\n2 Kanteneinbaugriffe<br \/>\n8 Kugelecke gro\u00df<br \/>\n1 Einbauschale Tourlabel<br \/>\n3 Scharnier schwer 80&#215;120 mm<br \/>\n2 Riegelverschluss (Frontf\u00e4cher)<br \/>\n4 Anschraubscharnier silber<br \/>\n4 Lenkrollen 100 mm davon sind 2 gebremst<br \/>\n1 Rollbrett<br \/>\nSchaumstoffpolsterung<br \/>\ngefilzte Leisten<br \/>\n2 Seitenwangen passend f\u00fcr Midas M32<br \/>\nSicherungsschraube<br \/>\n2 Kabeldurchlasse im Dockhouse<br \/>\n4 Fr\u00e4sungen f\u00fcr Kabeldurchl\u00e4sse<br \/>\n2 Gasdruckfedern<br \/>\n4 Dockhouseverschl\u00fcsse davon ist einer abschlie\u00dfbar<br \/>\nAu\u00dfenma\u00dfe: BxTxH 1100x542x1053 mm<br \/>\nGewicht: ca. 84 kg<br \/>\nHergestellt in Deutschland<\/p>\n","protected":false},"excerpt":{"rendered":"<p>Premium Flip-Case schwarz mit Seitenwangen-Einfassungen f\u00fcr ein Midas M32; Nach dem \u00d6ffnen wird das Mischpult (kann im Case fixiert und<\/p>\n","protected":false},"featured_media":266469,"template":"","meta":{"_acf_changed":false},"product_brand":[],"product_cat":[13495],"product_tag":[],"class_list":{"0":"post-266412","1":"product","2":"type-product","3":"status-publish","4":"has-post-thumbnail","6":"product_cat-mischpult-cases","8":"first","9":"instock","10":"taxable","11":"shipping-taxable","12":"purchasable","13":"product-type-simple"},"acf":[],"_links":{"self":[{"href":"https:\/\/megacase.com\/de\/wp-json\/wp\/v2\/product\/266412","targetHints":{"allow":["GET"]}}],"collection":[{"href":"https:\/\/megacase.com\/de\/wp-json\/wp\/v2\/product"}],"about":[{"href":"https:\/\/megacase.com\/de\/wp-json\/wp\/v2\/types\/product"}],"wp:featuredmedia":[{"embeddable":true,"href":"https:\/\/megacase.com\/de\/wp-json\/wp\/v2\/media\/266469"}],"wp:attachment":[{"href":"https:\/\/megacase.com\/de\/wp-json\/wp\/v2\/media?parent=266412"}],"wp:term":[{"taxonomy":"product_brand","embeddable":true,"href":"https:\/\/megacase.com\/de\/wp-json\/wp\/v2\/product_brand?post=266412"},{"taxonomy":"product_cat","embeddable":true,"href":"https:\/\/megacase.com\/de\/wp-json\/wp\/v2\/product_cat?post=266412"},{"taxonomy":"product_tag","embeddable":true,"href":"https:\/\/megacase.com\/de\/wp-json\/wp\/v2\/product_tag?post=266412"}],"curies":[{"name":"wp","href":"https:\/\/api.w.org\/{rel}","templated":true}]}}