{"id":266039,"date":"2024-04-26T12:40:27","date_gmt":"2024-04-26T10:40:27","guid":{"rendered":"https:\/\/megacase.com\/?post_type=product&#038;p=266039"},"modified":"2026-03-25T16:46:16","modified_gmt":"2026-03-25T15:46:16","slug":"custom-pedal-case-g66-eu-orange-820x320x100mm-fractal-fm9","status":"publish","type":"product","link":"https:\/\/megacase.com\/de\/produkt\/custom-pedal-case-g66-eu-orange-820x320x100mm-fractal-fm9\/","title":{"rendered":"Pedal Case G66.eu Fractal FM9 + 2x EV-1 \/ EV-2"},"content":{"rendered":"<p>Das Pedal Case G66.eu mit gro\u00dfz\u00fcgigen Innenma\u00dfen von 820 \u00d7 320 \u00d7 100 mm ist optimal auf den Fractal FM9 oder FC12 MK II in Kombination mit zwei Expression Pedalen (EV-1 oder EV-2) abgestimmt. Dank des stabilen Einlegebodens k\u00f6nnen alle Ger\u00e4te sicher verschraubt werden \u2013 das notwendige Schraubenmaterial liegt selbstverst\u00e4ndlich bei<\/p>\n<p>Ausstattung<br \/>\n6,8 mm Multiplex orange RAL 2008<br \/>\nLogodruck G66<br \/>\n22\/22 Alukante<br \/>\n4 L-Ecke medium<br \/>\n4 Butterfly mini<br \/>\n1 Ledergriff<br \/>\n4 Kugelecke klein<br \/>\n4 Kugelecke klein L-Ecke<br \/>\n6 Gummifu\u00df 38&#215;10 mm<br \/>\n9 mm Montagebrett Phenol braun<br \/>\nSchaumstoff<br \/>\nHergestellt in Deutschland<\/p>\n<p>Au\u00dfenma\u00dfe: BxTxH 910 x 435 x 197 mm<br \/>\nGewicht ohne Ger\u00e4te: 8,8 kg<\/p>\n<p>(Ger\u00e4te nicht im Lieferumfang enthalten)<\/p>\n","protected":false},"excerpt":{"rendered":"<p>Das Pedal Case G66.eu mit gro\u00dfz\u00fcgigen Innenma\u00dfen von 820 \u00d7 320 \u00d7 100 mm ist optimal auf den Fractal FM9<\/p>\n","protected":false},"featured_media":266175,"template":"","meta":{"_acf_changed":false},"product_brand":[],"product_cat":[15823],"product_tag":[],"class_list":{"0":"post-266039","1":"product","2":"type-product","3":"status-publish","4":"has-post-thumbnail","6":"product_cat-pedalcase","8":"first","9":"instock","10":"taxable","11":"shipping-taxable","12":"purchasable","13":"product-type-simple"},"acf":[],"_links":{"self":[{"href":"https:\/\/megacase.com\/de\/wp-json\/wp\/v2\/product\/266039","targetHints":{"allow":["GET"]}}],"collection":[{"href":"https:\/\/megacase.com\/de\/wp-json\/wp\/v2\/product"}],"about":[{"href":"https:\/\/megacase.com\/de\/wp-json\/wp\/v2\/types\/product"}],"wp:featuredmedia":[{"embeddable":true,"href":"https:\/\/megacase.com\/de\/wp-json\/wp\/v2\/media\/266175"}],"wp:attachment":[{"href":"https:\/\/megacase.com\/de\/wp-json\/wp\/v2\/media?parent=266039"}],"wp:term":[{"taxonomy":"product_brand","embeddable":true,"href":"https:\/\/megacase.com\/de\/wp-json\/wp\/v2\/product_brand?post=266039"},{"taxonomy":"product_cat","embeddable":true,"href":"https:\/\/megacase.com\/de\/wp-json\/wp\/v2\/product_cat?post=266039"},{"taxonomy":"product_tag","embeddable":true,"href":"https:\/\/megacase.com\/de\/wp-json\/wp\/v2\/product_tag?post=266039"}],"curies":[{"name":"wp","href":"https:\/\/api.w.org\/{rel}","templated":true}]}}