{"id":264944,"date":"2024-03-19T09:22:36","date_gmt":"2024-03-19T08:22:36","guid":{"rendered":"https:\/\/megacase.com\/?post_type=product&#038;p=264944"},"modified":"2026-03-25T16:46:21","modified_gmt":"2026-03-25T15:46:21","slug":"rack-8u-50-profi-shockmount","status":"publish","type":"product","link":"https:\/\/megacase.com\/de\/produkt\/rack-8u-50-profi-shockmount\/","title":{"rendered":"Rack 8U 50 Profi Shockmount"},"content":{"rendered":"<p>Die ideale L\u00f6sung f\u00fcr empfindliche und schwere Ger\u00e4te. Durch die einzeln aufgeh\u00e4ngten Rackschienen<br \/>\nabsorbiert es auch schwerere Schl\u00e4ge<br \/>\n1 Satz Puffer (bestehend aus 4stck) ist bis zu 15kg belastbar<br \/>\nbestehend aus 9 mm Multiplex schwarz beschichtet<br \/>\n8 H\u00f6heneinheiten<br \/>\n50 cm Nutztiefe<br \/>\nRackschiene vorne und hinten<br \/>\ninkl. Befestigungsmaterial<br \/>\njede Rackschiene wird durch 4 Gummipuffer einzeln gefedert<br \/>\nseitliche Holzwangen f\u00fcr besseren Schutz der Ger\u00e4te<br \/>\n30&#215;30 mm Alukante<br \/>\n4 gefederte Butterfly-Verschl\u00fcsse medium<br \/>\n4 Klappgriffe<br \/>\ngro\u00dfe Stahlkugelecken<br \/>\n4 100 mm Lenkrollen davon 2 gebremst (450 kg Tragkraft)<br \/>\nhergestellt in Deutschland<br \/>\nAu\u00dfenma\u00dfe ca. BxTxH 622x684x608 mm<br \/>\nGewicht ca. 32,7 kg<\/p>\n","protected":false},"excerpt":{"rendered":"<p>Die ideale L\u00f6sung f\u00fcr empfindliche und schwere Ger\u00e4te. Durch die einzeln aufgeh\u00e4ngten Rackschienen absorbiert es auch schwerere Schl\u00e4ge 1 Satz<\/p>\n","protected":false},"featured_media":264969,"template":"","meta":{"_acf_changed":false},"product_brand":[],"product_cat":[13510],"product_tag":[],"class_list":{"0":"post-264944","1":"product","2":"type-product","3":"status-publish","4":"has-post-thumbnail","6":"product_cat-racks","8":"first","9":"instock","10":"taxable","11":"shipping-taxable","12":"purchasable","13":"product-type-simple"},"acf":[],"_links":{"self":[{"href":"https:\/\/megacase.com\/de\/wp-json\/wp\/v2\/product\/264944","targetHints":{"allow":["GET"]}}],"collection":[{"href":"https:\/\/megacase.com\/de\/wp-json\/wp\/v2\/product"}],"about":[{"href":"https:\/\/megacase.com\/de\/wp-json\/wp\/v2\/types\/product"}],"wp:featuredmedia":[{"embeddable":true,"href":"https:\/\/megacase.com\/de\/wp-json\/wp\/v2\/media\/264969"}],"wp:attachment":[{"href":"https:\/\/megacase.com\/de\/wp-json\/wp\/v2\/media?parent=264944"}],"wp:term":[{"taxonomy":"product_brand","embeddable":true,"href":"https:\/\/megacase.com\/de\/wp-json\/wp\/v2\/product_brand?post=264944"},{"taxonomy":"product_cat","embeddable":true,"href":"https:\/\/megacase.com\/de\/wp-json\/wp\/v2\/product_cat?post=264944"},{"taxonomy":"product_tag","embeddable":true,"href":"https:\/\/megacase.com\/de\/wp-json\/wp\/v2\/product_tag?post=264944"}],"curies":[{"name":"wp","href":"https:\/\/api.w.org\/{rel}","templated":true}]}}